{"id":87,"date":"2014-06-30T15:00:17","date_gmt":"2014-06-30T14:00:17","guid":{"rendered":"http:\/\/shop.winckelmann-gesellschaft.com\/mitglieder\/produkt\/jorge-maier-allende-karl-bourbon-farnese-koenig-und-archaeologe-die-anfaenge-der-modernen-archaeologie-im-koenigreich-beider-sizilien\/"},"modified":"2014-07-05T20:53:03","modified_gmt":"2014-07-05T19:53:03","slug":"jorge-maier-allende-karl-bourbon-farnese-koenig-und-archaeologe-die-anfaenge-der-modernen-archaeologie-im-koenigreich-beider-sizilien","status":"publish","type":"product","link":"https:\/\/shop.winckelmann-gesellschaft.com\/mitglieder\/produkt\/jorge-maier-allende-karl-bourbon-farnese-koenig-und-archaeologe-die-anfaenge-der-modernen-archaeologie-im-koenigreich-beider-sizilien\/","title":{"rendered":"Jorge Maier Allende: Karl Bourbon Farnese, K\u00f6nig und Arch\u00e4ologe. Die Anf\u00e4nge der modernen Arch\u00e4ologie im K\u00f6nigreich beider Sizilien."},"content":{"rendered":"","protected":false},"excerpt":{"rendered":"<p>Akzidenzen 20<br \/>\nFlugbl\u00e4tter der Winckelmann-Gesellschaft<br \/>\nStendal 2014.<br \/>\nHrsg. von Max Kunze<br \/>\n28 S., 16 Abb.<br \/>\nISBN 3-910060-89-7<br \/>\n7,50 \u20ac (f\u00fcr Mitglieder: 7,50 \u20ac)<\/p>\n","protected":false},"featured_media":88,"comment_status":"open","ping_status":"closed","template":"","meta":[],"_links":{"self":[{"href":"https:\/\/shop.winckelmann-gesellschaft.com\/mitglieder\/wp-json\/wp\/v2\/product\/87"}],"collection":[{"href":"https:\/\/shop.winckelmann-gesellschaft.com\/mitglieder\/wp-json\/wp\/v2\/product"}],"about":[{"href":"https:\/\/shop.winckelmann-gesellschaft.com\/mitglieder\/wp-json\/wp\/v2\/types\/product"}],"replies":[{"embeddable":true,"href":"https:\/\/shop.winckelmann-gesellschaft.com\/mitglieder\/wp-json\/wp\/v2\/comments?post=87"}],"wp:featuredmedia":[{"embeddable":true,"href":"https:\/\/shop.winckelmann-gesellschaft.com\/mitglieder\/wp-json\/wp\/v2\/media\/88"}],"wp:attachment":[{"href":"https:\/\/shop.winckelmann-gesellschaft.com\/mitglieder\/wp-json\/wp\/v2\/media?parent=87"}],"curies":[{"name":"wp","href":"https:\/\/api.w.org\/{rel}","templated":true}]}}