{"id":84,"date":"2014-05-03T00:51:31","date_gmt":"2014-05-02T23:51:31","guid":{"rendered":"http:\/\/shop.winckelmann-gesellschaft.com\/mitglieder\/produkt\/el-legado-de-johann-joachim-winckelmann-en-espana-das-vermaechtnis-von-johann-joachim-winckelmann-in-spanien\/"},"modified":"2014-07-05T20:21:13","modified_gmt":"2014-07-05T19:21:13","slug":"el-legado-de-johann-joachim-winckelmann-en-espana-das-vermaechtnis-von-johann-joachim-winckelmann-in-spanien","status":"publish","type":"product","link":"https:\/\/shop.winckelmann-gesellschaft.com\/mitglieder\/produkt\/el-legado-de-johann-joachim-winckelmann-en-espana-das-vermaechtnis-von-johann-joachim-winckelmann-in-spanien\/","title":{"rendered":"EL LEGADO DE JOHANN JOACHIM WINCKELMANN EN ESPA\u00d1A &#8211; DAS VERM\u00c4CHTNIS VON JOHANN JOACHIM WINCKELMANN IN SPANIEN"},"content":{"rendered":"<p>Der Band fasst eine im Herbst 2011 in Madrid stattgefundene Tagung der Real Academia de la Historia, der Real Academia de Bellas Artes de San Fernando, des Deutschen Arch\u00e4ologischen Instituts Madrid und der Winckelmann-Gesellschaft zusammen (zweisprachig).<br \/>\nDarin: Jorge Maier Allende: Die Winckelmann-Rezeption im Spanien des 18. Jahrhunderts \u2003Alejandro Mart\u00ednez: Das Geschick von Winckelmanns Werken in Spanien: die \u00dcbersetzung der Geschichte der Kunst des Altertums durch Diego Antonio Rej\u00f3n de Silva \u2003Eric M. Moormann: Zur Aufnahme von Funden aus den Borbonengrabungen in Herculaneum und Pompeji in Winckelmanns Geschichte der Kunst des Alterthums \u2003Rosaria Ciardiello: Winckelmann und die Rezeption von den herculanischen und pompejanischen Entdeckungen in der Europ\u00e4ischen Kunst \u2003Miguel \u00c1ngel Elvira Barba: Winckelmann, Mengs und die Skulpturensammlung von Azara \u2003Almudena Negrete: Die Apostel des guten Geschmacks in Madrid: Mengs\u2018 Gipsabgusssamlung in der Real Academia de Bellas Artes de San Fernando \u2003Sebastian Neumeister: Mit den Augen Winckelmanns im K\u00f6niglichem Schloss zu Madrid \u2003Ralf-Torsten Speler:  Die k\u00fcnstlerischen Beziehungen zwischen dem bourbonischen K\u00f6nigreich Neapel und dem aufgekl\u00e4rten F\u00fcrstentum Anhalt-Dessau im 18. Jh. \u2003Axel R\u00fcgler: Die Ildefonso-Gruppe in Winckelmanns Monumenti antichi inediti \u2003Brigitte Schmitz: Abbild\/ Leitbild \u2013 die Ildefonso-Gruppe in der deutschen Kunst \u2003Salvador Mas: Winckelmann und die Rezeption des klassischen Verm\u00e4chtnisses im Spanien des 16.\u201318. Jahrhunderts \u2003Volker Riedel: Huarte \u2013 Montiano \u2013 Coello. Spanische Einfl\u00fcsse auf das Werk Gotthold Ephraim Lessings \u2003Markus Bernauer: \u201eAber es fehlt ihnen das Nat\u00fcrliche und die Nachahmung der Alten &#8230;\u201c Deutsche Fr\u00fchklassizisten \u00fcber Literatur und Kunst in Spanien \u2003Eva Hofstetter: Die beiden \u201eRaphaele\u201c \u2013 Raphael Mengs und andere K\u00fcnstler f\u00fcr Kinder in der deutschen Jugendliteratur vom 19. bis ins 21. Jh. \u2003Maria Fancelli: Wozu eigentlich eine neue (italienische) Ausgabe der Briefe Winckelmanns? \u2003Adolf H. Borbein: Die historisch-kritische Ausgabe Winckelmanns. Stand und Perspektive \u2003Max Kunze: Winckelmann-Forschungen \u2013 neue Projekte der Winckelmann-Gesellschaft<\/p>\n","protected":false},"excerpt":{"rendered":"<p>Cyriacus. Studien zur Rezeption der Antike. Band 4 Hrsg. der Reihe: Census of Antique Works of Art and Architecture Known in the Renaissance (Berlin-Brandenburgische Akademie der Wissenschaften \/ Humboldt-Universit\u00e4t zu Berlin), Winckelmann-Gesellschaft Stendal, Winckelmann-Institut der Humboldt-Universit\u00e4t zu Berlin Zugleich: ANTIQUARIA HISPANICA \u2013 Real Academia de la Historia Madrid. Band 26. Verlag Franz Philipp Rutzen  Ruhpolding und Mainz, in Kommission bei Harrassowitz Verlag, 2014. Hrsg. von Max Kunze und Jorge Maier-Allende, 314 Seiten mit 123 Farb- und Schwarzwei\u00dfabbildungen. ISBN-3-447-10104-0 EAN: 9783447101042 \/ ISSN 2197 6404 68 \u20ac (f\u00fcr Mitglieder: 40 \u20ac)<\/p>\n","protected":false},"featured_media":85,"comment_status":"open","ping_status":"closed","template":"","meta":[],"_links":{"self":[{"href":"https:\/\/shop.winckelmann-gesellschaft.com\/mitglieder\/wp-json\/wp\/v2\/product\/84"}],"collection":[{"href":"https:\/\/shop.winckelmann-gesellschaft.com\/mitglieder\/wp-json\/wp\/v2\/product"}],"about":[{"href":"https:\/\/shop.winckelmann-gesellschaft.com\/mitglieder\/wp-json\/wp\/v2\/types\/product"}],"replies":[{"embeddable":true,"href":"https:\/\/shop.winckelmann-gesellschaft.com\/mitglieder\/wp-json\/wp\/v2\/comments?post=84"}],"wp:featuredmedia":[{"embeddable":true,"href":"https:\/\/shop.winckelmann-gesellschaft.com\/mitglieder\/wp-json\/wp\/v2\/media\/85"}],"wp:attachment":[{"href":"https:\/\/shop.winckelmann-gesellschaft.com\/mitglieder\/wp-json\/wp\/v2\/media?parent=84"}],"curies":[{"name":"wp","href":"https:\/\/api.w.org\/{rel}","templated":true}]}}