{"id":80,"date":"2014-03-30T14:02:05","date_gmt":"2014-03-30T13:02:05","guid":{"rendered":"http:\/\/shop.winckelmann-gesellschaft.com\/mitglieder\/produkt\/geschichte-der-kunst-des-altertums-katalog-der-denkmaeler\/"},"modified":"2016-05-20T23:13:02","modified_gmt":"2016-05-20T22:13:02","slug":"geschichte-der-kunst-des-altertums-katalog-der-denkmaeler","status":"publish","type":"product","link":"https:\/\/shop.winckelmann-gesellschaft.com\/mitglieder\/produkt\/geschichte-der-kunst-des-altertums-katalog-der-denkmaeler\/","title":{"rendered":"Geschichte der Kunst des Altertums. Katalog der Denkm\u00e4ler."},"content":{"rendered":"<p>Bearbeitet von Mathias Ren\u00e9 Hofter, Axel R\u00fcgler und Adolf H. Borbein. Mit Beitr\u00e4gen von Brigitte Kuhn-Forte und Nikolaus Tacke.<\/p>\n","protected":false},"excerpt":{"rendered":"<p>J. J. Winckelmann. Schriften und Nachla\u00df, Bd. 4,2<br \/>\nVerlag Philipp von Zabern Mainz 2006.<br \/>\nHrsg. Max Kunze, Adolf H. Borbein<br \/>\n614 S., 1402 Abb.<br \/>\nISBN 3-8053-3745-8<br \/>\n82,00 \u20ac (f\u00fcr Mitglieder: 57,00 \u20ac)<\/p>\n","protected":false},"featured_media":332,"comment_status":"open","ping_status":"closed","template":"","meta":[],"_links":{"self":[{"href":"https:\/\/shop.winckelmann-gesellschaft.com\/mitglieder\/wp-json\/wp\/v2\/product\/80"}],"collection":[{"href":"https:\/\/shop.winckelmann-gesellschaft.com\/mitglieder\/wp-json\/wp\/v2\/product"}],"about":[{"href":"https:\/\/shop.winckelmann-gesellschaft.com\/mitglieder\/wp-json\/wp\/v2\/types\/product"}],"replies":[{"embeddable":true,"href":"https:\/\/shop.winckelmann-gesellschaft.com\/mitglieder\/wp-json\/wp\/v2\/comments?post=80"}],"wp:featuredmedia":[{"embeddable":true,"href":"https:\/\/shop.winckelmann-gesellschaft.com\/mitglieder\/wp-json\/wp\/v2\/media\/332"}],"wp:attachment":[{"href":"https:\/\/shop.winckelmann-gesellschaft.com\/mitglieder\/wp-json\/wp\/v2\/media?parent=80"}],"curies":[{"name":"wp","href":"https:\/\/api.w.org\/{rel}","templated":true}]}}