{"id":8,"date":"2014-05-02T00:50:56","date_gmt":"2014-05-01T23:50:56","guid":{"rendered":"http:\/\/shop.winckelmann-gesellschaft.com\/mitglieder\/?post_type=product&#038;p=8"},"modified":"2014-07-04T20:46:54","modified_gmt":"2014-07-04T19:46:54","slug":"susanne-kochs-winckelmanns-studien-der-antiken-griechischen-literatur","status":"publish","type":"product","link":"https:\/\/shop.winckelmann-gesellschaft.com\/mitglieder\/produkt\/susanne-kochs-winckelmanns-studien-der-antiken-griechischen-literatur\/","title":{"rendered":"Susanne Kochs: Winckelmanns Studien der antiken griechischen Literatur."},"content":{"rendered":"<p>Sich l\u00f6send aus einfachen preu\u00dfischen Verh\u00e4ltnissen mittelalterlich-theologischer Pr\u00e4gung findet Johann Joachim Winckelmann seinen Weg in die europ\u00e4ische Metropole Rom. Dieser Weg der<br \/>\nSelbstfindung ist auf das Engste verkn\u00fcpft mit intensiven autodidaktischen Studien der griechischen Literatur und Kunst. Er gelingt nicht zuletzt auch und vor allem durch die befreiende Kraft der<br \/>\nKunst und Literatur der Griechen. Beide bedeuten f\u00fcr Winckelmann grundlegende Informationsquellen antiker Realien, die er als Wissenschaftler herauszuarbeiten und in ihren inneren Kontext zu<br \/>\nstellen vermag. Insofern pr\u00e4gte er das Antikenbild bis zum heutigen Tag ma\u00dfgeblich.<\/p>\n","protected":false},"excerpt":{"rendered":"<p>Stendaler Winckelmann-Forschungen 4<br \/>\nVerlag Franz Philipp Rutzen<br \/>\nRuhpolding und Mainz 2005.<br \/>\nHrsg. von Max Kunze<br \/>\n152 S., 2 Abb.<br \/>\nISBN 3-938646-01-2<br \/>\n24 \u20ac (f\u00fcr Mitglieder: 14,50 \u20ac)<\/p>\n","protected":false},"featured_media":9,"comment_status":"open","ping_status":"closed","template":"","meta":[],"_links":{"self":[{"href":"https:\/\/shop.winckelmann-gesellschaft.com\/mitglieder\/wp-json\/wp\/v2\/product\/8"}],"collection":[{"href":"https:\/\/shop.winckelmann-gesellschaft.com\/mitglieder\/wp-json\/wp\/v2\/product"}],"about":[{"href":"https:\/\/shop.winckelmann-gesellschaft.com\/mitglieder\/wp-json\/wp\/v2\/types\/product"}],"replies":[{"embeddable":true,"href":"https:\/\/shop.winckelmann-gesellschaft.com\/mitglieder\/wp-json\/wp\/v2\/comments?post=8"}],"wp:featuredmedia":[{"embeddable":true,"href":"https:\/\/shop.winckelmann-gesellschaft.com\/mitglieder\/wp-json\/wp\/v2\/media\/9"}],"wp:attachment":[{"href":"https:\/\/shop.winckelmann-gesellschaft.com\/mitglieder\/wp-json\/wp\/v2\/media?parent=8"}],"curies":[{"name":"wp","href":"https:\/\/api.w.org\/{rel}","templated":true}]}}