{"id":77,"date":"2014-06-30T14:01:57","date_gmt":"2014-06-30T13:01:57","guid":{"rendered":"http:\/\/shop.winckelmann-gesellschaft.com\/mitglieder\/produkt\/johann-joachim-winckelmann-description-des-pierres-gravees-du-feu-baron-de-stosch\/"},"modified":"2014-07-05T20:31:03","modified_gmt":"2014-07-05T19:31:03","slug":"johann-joachim-winckelmann-description-des-pierres-gravees-du-feu-baron-de-stosch","status":"publish","type":"product","link":"https:\/\/shop.winckelmann-gesellschaft.com\/mitglieder\/produkt\/johann-joachim-winckelmann-description-des-pierres-gravees-du-feu-baron-de-stosch\/","title":{"rendered":"Johann Joachim Winckelmann: Description des pierres grav\u00e9es du feu Baron de Stosch."},"content":{"rendered":"<p>In der \u00bbDescription des pierres grav\u00e9es du feu Baron de Stosch\u00ab katalogisierte Winckelmann die Gemmen der Sammlung des Barons Philipp von Stosch (1691-1757).<br \/>\nStosch war einer der besten Kenner und bedeutendsten Sammler antiker Gemmen im 18. Jahrhundert. Nach seinem Tod wollte sein Erbe, Heinrich Wilhelm Muzell-Stosch (1723-1782), die Sammlung verkaufen und bat den mit ihm befreundeten Winckelmann, einen Verkaufskatalog zu verfassen &#8211; auf Franz\u00f6sisch, um m\u00f6glichst viele internationale Interessenten anzusprechen. Friedrich II. von Preu\u00dfen erwarb die Sammlung schlie\u00dflich; sie befindet sich heute fast vollst\u00e4ndig im Berliner Antikenmuseum.<br \/>\nDie 1760 in Florenz erschienene \u00bbDescription\u00ab war Winckelmanns erstes umfangreiches arch\u00e4ologisches Werk. Hier finden sich seine ersten Versuche, die Nationalstile der antiken V\u00f6lker (\u00c4gypter, Perser, Etrusker, Griechen und R\u00f6mer) zu definieren und die Stilentwicklung ihrer bildenden Kunst aufzuzeigen. In der gleichzeitig begonnenen, aber erst 1764 erschienenen \u00bbGeschichte der Kunst des Alterthums\u00ab (Schriften und Nachlass Bd. 4) baute er auf diesen Versuchen auf.<br \/>\nDie \u00bbDescription\u00ab ist aber auch die Keimzelle von Winckelmanns in den \u00bbMonumenti antichi inediti\u00ab (Schriften und Nachlass Bd. 6) vollendeten Hermeneutik. Durch den detaillierten Abgleich von bildlichen mit literarischen Darstellungen gelingt es ihm bereits hier, \u00e4ltere Deutung von Gemmenbildern \u00fcberzeugend zu korrigieren. Winckelmanns neue Ans\u00e4tze der Stilkritik und Hermeneutik machten die Description zu einem Wendepunkt in der Gemmenforschung.<\/p>\n","protected":false},"excerpt":{"rendered":"<p>J. J. Winckelmann. Schriften und Nachla\u00df, Bd. 7,1<br \/>\nVerlag Philipp von Zabern Mainz 2013.<br \/>\nHrsg. Max Kunze, Adolf H. Borbein<br \/>\n373 S., 13 Abb.<br \/>\nISBN 3-8053-4638-2<br \/>\n62,00 \u20ac (f\u00fcr Mitglieder: 43,00 \u20ac)<\/p>\n","protected":false},"featured_media":215,"comment_status":"open","ping_status":"closed","template":"","meta":[],"_links":{"self":[{"href":"https:\/\/shop.winckelmann-gesellschaft.com\/mitglieder\/wp-json\/wp\/v2\/product\/77"}],"collection":[{"href":"https:\/\/shop.winckelmann-gesellschaft.com\/mitglieder\/wp-json\/wp\/v2\/product"}],"about":[{"href":"https:\/\/shop.winckelmann-gesellschaft.com\/mitglieder\/wp-json\/wp\/v2\/types\/product"}],"replies":[{"embeddable":true,"href":"https:\/\/shop.winckelmann-gesellschaft.com\/mitglieder\/wp-json\/wp\/v2\/comments?post=77"}],"wp:featuredmedia":[{"embeddable":true,"href":"https:\/\/shop.winckelmann-gesellschaft.com\/mitglieder\/wp-json\/wp\/v2\/media\/215"}],"wp:attachment":[{"href":"https:\/\/shop.winckelmann-gesellschaft.com\/mitglieder\/wp-json\/wp\/v2\/media?parent=77"}],"curies":[{"name":"wp","href":"https:\/\/api.w.org\/{rel}","templated":true}]}}