{"id":73,"date":"2014-03-30T01:01:23","date_gmt":"2014-03-30T00:01:23","guid":{"rendered":"http:\/\/shop.winckelmann-gesellschaft.com\/mitglieder\/produkt\/johann-joachim-winckelmann-briefe-entwuerfe-und-rezensionen-zu-den-herkulanischen-schriften\/"},"modified":"2016-07-17T21:55:04","modified_gmt":"2016-07-17T20:55:04","slug":"johann-joachim-winckelmann-briefe-entwuerfe-und-rezensionen-zu-den-herkulanischen-schriften","status":"publish","type":"product","link":"https:\/\/shop.winckelmann-gesellschaft.com\/mitglieder\/produkt\/johann-joachim-winckelmann-briefe-entwuerfe-und-rezensionen-zu-den-herkulanischen-schriften\/","title":{"rendered":"Johann Joachim Winckelmann: Briefe, Entw\u00fcrfe und Rezensionen zu den Herkulanischen Schriften."},"content":{"rendered":"<p>Bearb. von Marianne Gross und Max Kunze. Die Texte sind durch einen ausf\u00fchrlichen Stellenkommentar erl\u00e4utert; Gesamtregister zu allen drei B\u00e4nden (2,1-2,3) erlauben eine schnelle Erschlie\u00dfung der Texte.<\/p>\n","protected":false},"excerpt":{"rendered":"<p>J. J. Winckelmann. Schriften und Nachla\u00df, Bd. 2,3<br \/>\nVerlag Philipp von Zabern Mainz 2001.<br \/>\nHrsg. Max Kunze, Adolf H. Borbein<br \/>\nXII, 372 S., 11 Tafeln, Abb.<br \/>\nISBN 3-8053-2031-0<br \/>\n64,00 \u20ac (f\u00fcr Mitglieder: 45,50 \u20ac)<\/p>\n","protected":false},"featured_media":334,"comment_status":"open","ping_status":"closed","template":"","meta":[],"_links":{"self":[{"href":"https:\/\/shop.winckelmann-gesellschaft.com\/mitglieder\/wp-json\/wp\/v2\/product\/73"}],"collection":[{"href":"https:\/\/shop.winckelmann-gesellschaft.com\/mitglieder\/wp-json\/wp\/v2\/product"}],"about":[{"href":"https:\/\/shop.winckelmann-gesellschaft.com\/mitglieder\/wp-json\/wp\/v2\/types\/product"}],"replies":[{"embeddable":true,"href":"https:\/\/shop.winckelmann-gesellschaft.com\/mitglieder\/wp-json\/wp\/v2\/comments?post=73"}],"wp:featuredmedia":[{"embeddable":true,"href":"https:\/\/shop.winckelmann-gesellschaft.com\/mitglieder\/wp-json\/wp\/v2\/media\/334"}],"wp:attachment":[{"href":"https:\/\/shop.winckelmann-gesellschaft.com\/mitglieder\/wp-json\/wp\/v2\/media?parent=73"}],"curies":[{"name":"wp","href":"https:\/\/api.w.org\/{rel}","templated":true}]}}