{"id":43,"date":"2014-04-30T00:34:20","date_gmt":"2014-04-29T23:34:20","guid":{"rendered":"http:\/\/shop.winckelmann-gesellschaft.com\/mitglieder\/produkt\/quatremere-de-quincy-ueber-den-nachtheiligen-einfluss-der-versetzung-der-monumente-aus-italien-auf-kuenste-und-wissenschaften-1796\/"},"modified":"2014-07-05T21:14:45","modified_gmt":"2014-07-05T20:14:45","slug":"quatremere-de-quincy-ueber-den-nachtheiligen-einfluss-der-versetzung-der-monumente-aus-italien-auf-kuenste-und-wissenschaften-1796","status":"publish","type":"product","link":"https:\/\/shop.winckelmann-gesellschaft.com\/mitglieder\/produkt\/quatremere-de-quincy-ueber-den-nachtheiligen-einfluss-der-versetzung-der-monumente-aus-italien-auf-kuenste-und-wissenschaften-1796\/","title":{"rendered":"Quatrem\u00e9re de Quincy: Ueber den nachtheiligen Einflu\u00df der Versetzung der Monumente aus Italien auf K\u00fcnste und Wissenschaften (1796)."},"content":{"rendered":"","protected":false},"excerpt":{"rendered":"<p>Schriften der Winckelmann-Gesellschaft, Bd. XVI<br \/>\nStendal 1998.<br \/>\nHrsg. von \u00c9douard Pommier<br \/>\n99 S., 1 Abb.<br \/>\nISBN 3-910060-32-3<br \/>\n5,00 \u20ac (f\u00fcr Mitglieder: 3,00 \u20ac)<\/p>\n","protected":false},"featured_media":44,"comment_status":"open","ping_status":"closed","template":"","meta":[],"_links":{"self":[{"href":"https:\/\/shop.winckelmann-gesellschaft.com\/mitglieder\/wp-json\/wp\/v2\/product\/43"}],"collection":[{"href":"https:\/\/shop.winckelmann-gesellschaft.com\/mitglieder\/wp-json\/wp\/v2\/product"}],"about":[{"href":"https:\/\/shop.winckelmann-gesellschaft.com\/mitglieder\/wp-json\/wp\/v2\/types\/product"}],"replies":[{"embeddable":true,"href":"https:\/\/shop.winckelmann-gesellschaft.com\/mitglieder\/wp-json\/wp\/v2\/comments?post=43"}],"wp:featuredmedia":[{"embeddable":true,"href":"https:\/\/shop.winckelmann-gesellschaft.com\/mitglieder\/wp-json\/wp\/v2\/media\/44"}],"wp:attachment":[{"href":"https:\/\/shop.winckelmann-gesellschaft.com\/mitglieder\/wp-json\/wp\/v2\/media?parent=43"}],"curies":[{"name":"wp","href":"https:\/\/api.w.org\/{rel}","templated":true}]}}