{"id":421,"date":"2020-10-09T12:19:23","date_gmt":"2020-10-09T11:19:23","guid":{"rendered":"https:\/\/shop.winckelmann-gesellschaft.com\/mitglieder\/?post_type=product&#038;p=421"},"modified":"2020-10-27T10:56:15","modified_gmt":"2020-10-27T09:56:15","slug":"karl-bernhard-stark-archaeologie-und-kunstgeschichte-im-19-jahrhundert","status":"publish","type":"product","link":"https:\/\/shop.winckelmann-gesellschaft.com\/mitglieder\/produkt\/karl-bernhard-stark-archaeologie-und-kunstgeschichte-im-19-jahrhundert\/","title":{"rendered":"Karl Bernhard Stark Arch\u00e4ologie und Kunstgeschichte im 19. Jahrhundert"},"content":{"rendered":"<p>Karl Bernhard Stark (1824-1879) war in der Gr\u00fcndungsphase der Arch\u00e4ologie als wissenschaftliche Disziplin an deutschen Universit\u00e4ten eine Gestalt von au\u00dfergew\u00f6hnlicher geistiger Weitsicht und Produktivit\u00e4t. Er entwichkelte wegweisende Konzepte f\u00fcr das Verst\u00e4ndnis der r\u00f6mischen Reichskunst, f\u00fcr die entstehende Provinzialr\u00f6mische Arch\u00e4ologie und nicht zuletzt die nachantike Geschichte der Kunst und Kultur bis zur eigenen Zeit. Sein Hauptwerk, ein Handbuch der Arch\u00e4ologie der Kunst, von dem wegen seines fr\u00fchen Todes nur der erste Band \u00fcber die Geschichte der arch\u00e4ologischen Forschungen erschien, ist als Pionierarbeit einer reflektierenden Rezeptionsgeschichte und wissenschaftlichen Standortbestimmung bis heute nicht ersetzt.<br \/>\nKarl Bernhard Starks Rolle als Begr\u00fcnder des Arch\u00e4ologischen Instituts der Universit\u00e4t war Anlass zu diesem Band, in dem seine Leistung im Rahmen der Arch\u00e4ologie des 19. Jahrhunderts dargestellt wird.<br \/>\nDieser Band ist aus Anlass des 150j\u00e4hrigen Bestehens des Arch\u00e4ologischen Instituts der Universit\u00e4t Heidelberg entstanden &#8211; die Akten einer Tagung in Heidelberg 10.-11. Februar 2017<\/p>\n","protected":false},"excerpt":{"rendered":"<p>Hrsg. von der Winckelmann-Gesellschaft und dem Winckelmann-Institut der Humboldt-Universit\u00e4t zu Berlin,<br \/>\n151 Seiten, Broschur, Stendal und Petersberg 09\/2020,<br \/>\nUVP: 54,00 \u20ac f\u00fcr Mitglieder der Winckelmann-Gesellschaft: 37,00 \u20ac, Michael Imhof Verlag GmbH &#038; Co. KG<br \/>\nISBN 978-3-7319-1033-6<\/p>\n","protected":false},"featured_media":422,"comment_status":"open","ping_status":"closed","template":"","meta":[],"_links":{"self":[{"href":"https:\/\/shop.winckelmann-gesellschaft.com\/mitglieder\/wp-json\/wp\/v2\/product\/421"}],"collection":[{"href":"https:\/\/shop.winckelmann-gesellschaft.com\/mitglieder\/wp-json\/wp\/v2\/product"}],"about":[{"href":"https:\/\/shop.winckelmann-gesellschaft.com\/mitglieder\/wp-json\/wp\/v2\/types\/product"}],"replies":[{"embeddable":true,"href":"https:\/\/shop.winckelmann-gesellschaft.com\/mitglieder\/wp-json\/wp\/v2\/comments?post=421"}],"wp:featuredmedia":[{"embeddable":true,"href":"https:\/\/shop.winckelmann-gesellschaft.com\/mitglieder\/wp-json\/wp\/v2\/media\/422"}],"wp:attachment":[{"href":"https:\/\/shop.winckelmann-gesellschaft.com\/mitglieder\/wp-json\/wp\/v2\/media?parent=421"}],"curies":[{"name":"wp","href":"https:\/\/api.w.org\/{rel}","templated":true}]}}