{"id":415,"date":"2020-06-03T12:40:48","date_gmt":"2020-06-03T11:40:48","guid":{"rendered":"https:\/\/shop.winckelmann-gesellschaft.com\/mitglieder\/?post_type=product&#038;p=415"},"modified":"2020-06-03T12:40:48","modified_gmt":"2020-06-03T11:40:48","slug":"vor-anker-gehen-haefen-im-land-der-verheissung","status":"publish","type":"product","link":"https:\/\/shop.winckelmann-gesellschaft.com\/mitglieder\/produkt\/vor-anker-gehen-haefen-im-land-der-verheissung\/","title":{"rendered":"\u201eVor Anker gehen\u201c H\u00c4FEN IM LAND DER VERHEISSUNG"},"content":{"rendered":"<p>Die gro\u00dfen H\u00e4fen des Landes Akko, Haifa,Atlit, Caesarea, Jaffa, Aschdod, Aschkelon und Gaza sind seit der Antike bekannt und auf den historischen Karten verzeichnet. Seit der Antike haben sie eine wechselvolle Geschichte erlebt.Besonders seit dem 15. Jahrhundert kamen christliche wie j\u00fcdische Reisende in das Land der Verhei\u00dfung, so dass sich eine reiche bis in das 20. Jahrhundert hinein lebendige Pal\u00e4stinaliteratur entwickelte. Auch Forschungsreisende und K\u00fcnstler haben ihre Eindr\u00fccke und Erlebnisse in Bildern festgehalten, wie diese Ausstellung zeigt.<\/p>\n","protected":false},"excerpt":{"rendered":"<p>Verkaufspreis 19,95 EUR<\/p>\n<p>&#8222;Vor Anker gehen\u201c H\u00c4FEN IM LAND DER VERHEISSUNG<br \/>\nVon Akko und Haifa<br \/>\nbis Aschkelon und Gaza<br \/>\nWissenschaftliche Konzeption und Katalogtexte von Prof. Max Kunze, Dr. Stephanie-Gerrit Bruer<br \/>\nsowie die Einleitungen von Davide Ferri und Chaim Noll<br \/>\nKatalog einer Ausstellung in Kooperation mit dem Bible Lands Museum Jerusalem von Mai bis August 2020 im Winckelmann-Museum Stendal<br \/>\nMichael Imhof Verlag<br \/>\nISBN: 978-3-7319-1032-9<br \/>\n160 Seiten<\/p>\n<p>(alle Preise inkl. gesetzl. MWSt.)<br \/>\n&#8222;Vor Anker gehen&#8220; H\u00c4FEN IM LAND DER VERHEISSUNG Menge<br \/>\nKategorie: Ausstellungskataloge Schl\u00fcsselworte: H\u00e4fen, Vor Anker gehen<\/p>\n<p>    Beschreibung Zus\u00e4tzliche Information Bewertungen (0) <\/p>\n<p>Die gro\u00dfen H\u00e4fen des Landes Akko, Haifa,Atlit, Caesarea, Jaffa, Aschdod, Aschkelon und Gaza sind seit der Antike bekannt und auf den historischen Karten verzeichnet. Seit der Antike haben sie eine wechselvolle Geschichte erlebt.Besonders seit dem 15. Jahrhundert kamen christliche wie j\u00fcdische Reisende in das Land der Verhei\u00dfung, so dass sich eine reiche bis in das 20. Jahrhundert hinein lebendige Pal\u00e4stinaliteratur entwickelte. Auch Forschungsreisende und K\u00fcnstler haben ihre Eindr\u00fccke und Erlebnisse in Bildern festgehalten, wie diese Ausstellung zeigt.<\/p>\n","protected":false},"featured_media":416,"comment_status":"open","ping_status":"closed","template":"","meta":[],"_links":{"self":[{"href":"https:\/\/shop.winckelmann-gesellschaft.com\/mitglieder\/wp-json\/wp\/v2\/product\/415"}],"collection":[{"href":"https:\/\/shop.winckelmann-gesellschaft.com\/mitglieder\/wp-json\/wp\/v2\/product"}],"about":[{"href":"https:\/\/shop.winckelmann-gesellschaft.com\/mitglieder\/wp-json\/wp\/v2\/types\/product"}],"replies":[{"embeddable":true,"href":"https:\/\/shop.winckelmann-gesellschaft.com\/mitglieder\/wp-json\/wp\/v2\/comments?post=415"}],"wp:featuredmedia":[{"embeddable":true,"href":"https:\/\/shop.winckelmann-gesellschaft.com\/mitglieder\/wp-json\/wp\/v2\/media\/416"}],"wp:attachment":[{"href":"https:\/\/shop.winckelmann-gesellschaft.com\/mitglieder\/wp-json\/wp\/v2\/media?parent=415"}],"curies":[{"name":"wp","href":"https:\/\/api.w.org\/{rel}","templated":true}]}}