{"id":412,"date":"2019-12-20T12:46:29","date_gmt":"2019-12-20T11:46:29","guid":{"rendered":"https:\/\/shop.winckelmann-gesellschaft.com\/mitglieder\/?post_type=product&#038;p=412"},"modified":"2019-12-20T12:46:29","modified_gmt":"2019-12-20T11:46:29","slug":"wege-in-die-moderne-zwischen-den-beiden-weltkriegen","status":"publish","type":"product","link":"https:\/\/shop.winckelmann-gesellschaft.com\/mitglieder\/produkt\/wege-in-die-moderne-zwischen-den-beiden-weltkriegen\/","title":{"rendered":"WEGE IN DIE MODERNE zwischen den beiden Weltkriegen"},"content":{"rendered":"<p>Das Winckelmann-Museum m\u00f6chte weitere Perspektiven aufschn\u00fcren, die in der Zeit zwischen 1919 und 1933 in Deutschland den Weg in die Moderne wiesen. Das Bauhaus war gewiss das erfolgreichste Laboratorium der Moderne, aber es war nicht das einzige. Hierf\u00fcr stehen exemplarisch drei Pers\u00f6nlichkeiten: Erwin Hahs (1887\u20131970), Walter Wilhelm (1898\u20131970) und Hermann Klumpp (1902\u20131987), der als Bauhaussch\u00fcler den als \u201eentartet\u201c verfemten Kunstbestand seines Freundes Lyonel Feininger bewahrte und die 1986 in Quedlinburg er\u00f6ffnete Lyonel-Feininger-Galerie initiierte.<br \/>\nAu\u00dferdem gibt es \u00fcberraschende Bez\u00fcge zu Stendal.<\/p>\n","protected":false},"excerpt":{"rendered":"<p>Wege in die Moderne zwischen den beiden Weltkriegen.<br \/>\nErwin Hahs, Hermann Klump und Walter Wilhelm<br \/>\nGem\u00e4lde, Graphik und Design<br \/>\nKatalog einer Ausstellung im Winckelmann-Museum<br \/>\nvom 7. Dezember 2019 bis 21. M\u00e4rz 2020<br \/>\n96 Seiten<\/p>\n","protected":false},"featured_media":413,"comment_status":"open","ping_status":"closed","template":"","meta":[],"_links":{"self":[{"href":"https:\/\/shop.winckelmann-gesellschaft.com\/mitglieder\/wp-json\/wp\/v2\/product\/412"}],"collection":[{"href":"https:\/\/shop.winckelmann-gesellschaft.com\/mitglieder\/wp-json\/wp\/v2\/product"}],"about":[{"href":"https:\/\/shop.winckelmann-gesellschaft.com\/mitglieder\/wp-json\/wp\/v2\/types\/product"}],"replies":[{"embeddable":true,"href":"https:\/\/shop.winckelmann-gesellschaft.com\/mitglieder\/wp-json\/wp\/v2\/comments?post=412"}],"wp:featuredmedia":[{"embeddable":true,"href":"https:\/\/shop.winckelmann-gesellschaft.com\/mitglieder\/wp-json\/wp\/v2\/media\/413"}],"wp:attachment":[{"href":"https:\/\/shop.winckelmann-gesellschaft.com\/mitglieder\/wp-json\/wp\/v2\/media?parent=412"}],"curies":[{"name":"wp","href":"https:\/\/api.w.org\/{rel}","templated":true}]}}