{"id":406,"date":"2019-11-02T12:33:48","date_gmt":"2019-11-02T11:33:48","guid":{"rendered":"https:\/\/shop.winckelmann-gesellschaft.com\/mitglieder\/?post_type=product&#038;p=406"},"modified":"2019-11-02T12:33:48","modified_gmt":"2019-11-02T11:33:48","slug":"komm-und-sieh-winckelmann-museum-ein-gang-durch-die-ausstellung","status":"publish","type":"product","link":"https:\/\/shop.winckelmann-gesellschaft.com\/mitglieder\/produkt\/komm-und-sieh-winckelmann-museum-ein-gang-durch-die-ausstellung\/","title":{"rendered":"\u201eKomm und sieh\u201c: Winckelmann-Museum. Ein Gang durch die Ausstellung"},"content":{"rendered":"<p>Kaum wiederzuerkennen ist das Winckelmann-Museum, das nach gut zweij\u00e4hriger Bauzeit im Dezember 2018 den ersten Besuchern seine Pr\u00e4sentation \u00f6ffnete. [\u2026] Gr\u00f6\u00dfter Wert wurde beim Umbau auf Barrierefreiheit gelegt: Die verschiedenen Etagen und H\u00f6hen der H\u00e4user sind endlich durch einen Aufzug erschlossen, alle Verkehrsfl\u00e4chen der Besucher sind behindertengerecht umgebaut, Winckelmann-Ausstellung und Familienmuseum sind ebenerdig untergebracht. [\u2026] Die neue Ausstellung m\u00f6chte f\u00fcr ein m\u00f6glichst breites Publikum attraktiv sein \u2013 vom \u201eWinckelmann-Anf\u00e4nger\u201c bis zum ausgewiesenen Kenner. Wichtig ist es, die Ausstellung auch f\u00fcr Kinder und Jugendliche erlebbar zu machen. [\u2026] \u201eKomm und sieh\u201c, schrieb Winckelmann in Rom, das ist auch das Motto des neuen Museumsquartiers in Stendal. <\/p>\n","protected":false},"excerpt":{"rendered":"<p>Hrsg. von Max Kunze, mit Beitr\u00e4gen von Stephanie-Gerrit Bruer, Agnes Kunze und Kathrin Schade.<br \/>\nVerlag Franz Philipp Rutzen Ruhpolding und Mainz und Winckelmann-Gesellschaft Stendal 2019<br \/>\n214 Seiten mit 274 Abbildungen<br \/>\nISBN 978-3-910060-99-9<\/p>\n<p>(alle Preise inkl. gesetzl. MWSt.)<\/p>\n","protected":false},"featured_media":407,"comment_status":"open","ping_status":"closed","template":"","meta":[],"_links":{"self":[{"href":"https:\/\/shop.winckelmann-gesellschaft.com\/mitglieder\/wp-json\/wp\/v2\/product\/406"}],"collection":[{"href":"https:\/\/shop.winckelmann-gesellschaft.com\/mitglieder\/wp-json\/wp\/v2\/product"}],"about":[{"href":"https:\/\/shop.winckelmann-gesellschaft.com\/mitglieder\/wp-json\/wp\/v2\/types\/product"}],"replies":[{"embeddable":true,"href":"https:\/\/shop.winckelmann-gesellschaft.com\/mitglieder\/wp-json\/wp\/v2\/comments?post=406"}],"wp:featuredmedia":[{"embeddable":true,"href":"https:\/\/shop.winckelmann-gesellschaft.com\/mitglieder\/wp-json\/wp\/v2\/media\/407"}],"wp:attachment":[{"href":"https:\/\/shop.winckelmann-gesellschaft.com\/mitglieder\/wp-json\/wp\/v2\/media?parent=406"}],"curies":[{"name":"wp","href":"https:\/\/api.w.org\/{rel}","templated":true}]}}