{"id":404,"date":"2019-11-01T16:51:18","date_gmt":"2019-11-01T15:51:18","guid":{"rendered":"https:\/\/shop.winckelmann-gesellschaft.com\/mitglieder\/?post_type=product&#038;p=404"},"modified":"2019-11-13T12:23:00","modified_gmt":"2019-11-13T11:23:00","slug":"rainer-ehrt-antike","status":"publish","type":"product","link":"https:\/\/shop.winckelmann-gesellschaft.com\/mitglieder\/produkt\/rainer-ehrt-antike\/","title":{"rendered":"RAINER EHRT ANTIKE"},"content":{"rendered":"<p>Rainer Ehrt setzt die mythische Bilderwelt in Beziehung zu unserer Lebenswirklichkeit. Dargestellt ist die ganze Palette griechisch-r\u00f6mischer Mythen, darunter bekannte Themen wie Ikarus, Odysseus oder Orpheus. Sein Schaffen umfasst zudem originalgrafische K\u00fcnstlerb\u00fccher, so zu Ovids Metamorphosen, Heinrich von Kleists Penthesilea oder Charles Baudelaires Klagen eines Ikarus. Zu Ehrts Euvre z\u00e4hlen auch Skulpturen aus Holz, teils kombiniert mit anderen Materialien. Es gibt auch Themen, in denen brutale Gewalt in aller Direktheit gezeigt wird. Man bgegnet Medusa, Europa, Ariadne \u2013 es f\u00e4llt auf, dass Ehrt eine besondere Affinit\u00e4t f\u00fcr die mythischen Frauengestalten hat. Dem K\u00fcnstler geht es hier, neben aktuellen Fragen um die Geschlechterbeziehungen, vor allem um Sinnlichkeit und Erotik.<\/p>\n","protected":false},"excerpt":{"rendered":"<p>RAINER EHRT ANTIKE<br \/>\nMalerei, Zeichnung, Holzschnitte, K\u00fcnstlerb\u00fccher &#038; Skulpturen<br \/>\nKatalog einer Ausstellung im Winckelmann-Museum<br \/>\nvom 01. September bis 30. November 2019<br \/>\nHrsg. von Max Kunze mit Beitr\u00e4gen von Kathrin Schade und Rainer Ehrt<br \/>\nMichael Imhof Verlag, Stendal und Petersberg 2019<br \/>\n128 Seiten mit 117 Farbabbildungen, Broschur<br \/>\nISBN 978-3-7319-09224<\/p>\n<p>(alle Preise inkl. gesetzl. MWSt.)<\/p>\n","protected":false},"featured_media":405,"comment_status":"open","ping_status":"closed","template":"","meta":[],"_links":{"self":[{"href":"https:\/\/shop.winckelmann-gesellschaft.com\/mitglieder\/wp-json\/wp\/v2\/product\/404"}],"collection":[{"href":"https:\/\/shop.winckelmann-gesellschaft.com\/mitglieder\/wp-json\/wp\/v2\/product"}],"about":[{"href":"https:\/\/shop.winckelmann-gesellschaft.com\/mitglieder\/wp-json\/wp\/v2\/types\/product"}],"replies":[{"embeddable":true,"href":"https:\/\/shop.winckelmann-gesellschaft.com\/mitglieder\/wp-json\/wp\/v2\/comments?post=404"}],"wp:featuredmedia":[{"embeddable":true,"href":"https:\/\/shop.winckelmann-gesellschaft.com\/mitglieder\/wp-json\/wp\/v2\/media\/405"}],"wp:attachment":[{"href":"https:\/\/shop.winckelmann-gesellschaft.com\/mitglieder\/wp-json\/wp\/v2\/media?parent=404"}],"curies":[{"name":"wp","href":"https:\/\/api.w.org\/{rel}","templated":true}]}}