{"id":40,"date":"2014-04-30T00:38:23","date_gmt":"2014-04-29T23:38:23","guid":{"rendered":"http:\/\/shop.winckelmann-gesellschaft.com\/mitglieder\/produkt\/henning-wrede-cunctorum-splendor-ab-uno-archaeologie-antikensammlungen-und-antikisierende-ausstattungen-in-nepotismus-und-absolutismus\/"},"modified":"2014-07-05T21:13:51","modified_gmt":"2014-07-05T20:13:51","slug":"henning-wrede-cunctorum-splendor-ab-uno-archaeologie-antikensammlungen-und-antikisierende-ausstattungen-in-nepotismus-und-absolutismus","status":"publish","type":"product","link":"https:\/\/shop.winckelmann-gesellschaft.com\/mitglieder\/produkt\/henning-wrede-cunctorum-splendor-ab-uno-archaeologie-antikensammlungen-und-antikisierende-ausstattungen-in-nepotismus-und-absolutismus\/","title":{"rendered":"Henning Wrede: Cunctorum splendor ab uno. Arch\u00e4ologie, Antikensammlungen und antikisierende Ausstattungen in Nepotismus und Absolutismus."},"content":{"rendered":"<p>Internationaler Kongress der Winckelmann-Gesellschaft in Kooperation mit der Universiti degli Studi di Trieste, der Societi di Minerva, Musei Civici und der Biblioteca Civica. Mit Beitr\u00e4gen von Gino Bandelli, Paola Bonifacio, Heinz Bertold, Wolfgang Richter, Klaus Parlasca, Hartmut D\u00f6hl, Agnes Allroggen-Bedel, Stephanie-Gerrit Bruer, Dieter Metzler, Markus K\u00e4fer, Maria Fancelli, Johannes Irmscher, Giuseppe Pucci und Claudia Tutsch.<\/p>\n","protected":false},"excerpt":{"rendered":"<p>Schriften der Winckelmann-Gesellschaft, Bd. XVIII<br \/>\nStendal 2000.<br \/>\nHrsg. von Max Kunze<br \/>\n152 S., 108 Abb.<br \/>\nISBN 3-910060-36-6<br \/>\n17,50 \u20ac (f\u00fcr Mitglieder: 12,00 \u20ac)<\/p>\n","protected":false},"featured_media":38,"comment_status":"open","ping_status":"closed","template":"","meta":[],"_links":{"self":[{"href":"https:\/\/shop.winckelmann-gesellschaft.com\/mitglieder\/wp-json\/wp\/v2\/product\/40"}],"collection":[{"href":"https:\/\/shop.winckelmann-gesellschaft.com\/mitglieder\/wp-json\/wp\/v2\/product"}],"about":[{"href":"https:\/\/shop.winckelmann-gesellschaft.com\/mitglieder\/wp-json\/wp\/v2\/types\/product"}],"replies":[{"embeddable":true,"href":"https:\/\/shop.winckelmann-gesellschaft.com\/mitglieder\/wp-json\/wp\/v2\/comments?post=40"}],"wp:featuredmedia":[{"embeddable":true,"href":"https:\/\/shop.winckelmann-gesellschaft.com\/mitglieder\/wp-json\/wp\/v2\/media\/38"}],"wp:attachment":[{"href":"https:\/\/shop.winckelmann-gesellschaft.com\/mitglieder\/wp-json\/wp\/v2\/media?parent=40"}],"curies":[{"name":"wp","href":"https:\/\/api.w.org\/{rel}","templated":true}]}}