{"id":397,"date":"2019-06-09T11:50:22","date_gmt":"2019-06-09T10:50:22","guid":{"rendered":"https:\/\/shop.winckelmann-gesellschaft.com\/mitglieder\/?post_type=product&#038;p=397"},"modified":"2019-06-09T11:50:22","modified_gmt":"2019-06-09T10:50:22","slug":"winckelmann-potocki-band-2-1-3-stanislaw-kostka-potocki-ueber-die-kunst-bei-den-alten-oder-polnischer-winckelmann-1815-und-johann-joachim-winckelmann-geschichte-der-kunst-des","status":"publish","type":"product","link":"https:\/\/shop.winckelmann-gesellschaft.com\/mitglieder\/produkt\/winckelmann-potocki-band-2-1-3-stanislaw-kostka-potocki-ueber-die-kunst-bei-den-alten-oder-polnischer-winckelmann-1815-und-johann-joachim-winckelmann-geschichte-der-kunst-des\/","title":{"rendered":"Winckelmann \u2013 Potocki, Band 2, 1\u20133. Stanislaw Kostka Potocki, \u00fcber die Kunst bei den Alten oder polnischer Winckelmann (1815) und Johann Joachim Winckelmann, Geschichte der Kunst des Alterthums (1776)"},"content":{"rendered":"<p>Vor 200 Jahren erschien die polnische \u00dcbersetzung von Winckelmanns Kunstgeschichte von Stanis\u0142aw Kostka Potocki. Er f\u00fcgte dem Winckelmannschen Text neue Kapitel hinzu, die sogleich ins Deutsche \u00fcbertragen wurden, aber nie zum Druck kamen. Die drei B\u00e4nde umfassende Ausgabe stellt synoptisch beide Texte gegen\u00fcber, versehen mit editorischen Anmerkungen und erlaubt es so der Forschung, sich vergleichend in die Texte dieser zwei bedeutenden Gelehrten des europ\u00e4ischen Humanismus zu vertiefen. Man erkennt den interessanten Prozess der Auseinandersetzung und Aneignung 50 Jahre nach Winckelmanns Tod durch Potocki, der sich im Sinne des sich in der Nachfolge Winckelmanns etablierten antiken Kunstkenners und Kunstliebhabers den Text Winckelmanns vornimmt, ihn k\u00fcrzt, auch korrigiert oder erweitert. Diese Ausgabe ist in wissenschaftlicher Partnerschaft zwischen dem Schloss-Museum Wilanow und der Winckelmann-Gesellschaft zum Druck gebracht worden.<\/p>\n","protected":false},"excerpt":{"rendered":"<p>3 B\u00e4nde, hrsg. von Max Kunze und Pawe\u0142 Jaskanis, \u00fcbersetzt von Iwona Leitl und bearbeitet von Eva Hofstetter, XI Seiten, 1292 Seiten mit Schwarzwei\u00dfabbildungen, Broschur, Warschau und Stendal 2018 75,00 \u20ac (alle 3 B\u00e4nde) f\u00fcr Mitglieder der Winckelmann-Gesellschaft ISBN 978-3-910060-96-8; 978-3-7319-0706-0 (Michael Imhof Verlag)<\/p>\n","protected":false},"featured_media":398,"comment_status":"open","ping_status":"closed","template":"","meta":[],"_links":{"self":[{"href":"https:\/\/shop.winckelmann-gesellschaft.com\/mitglieder\/wp-json\/wp\/v2\/product\/397"}],"collection":[{"href":"https:\/\/shop.winckelmann-gesellschaft.com\/mitglieder\/wp-json\/wp\/v2\/product"}],"about":[{"href":"https:\/\/shop.winckelmann-gesellschaft.com\/mitglieder\/wp-json\/wp\/v2\/types\/product"}],"replies":[{"embeddable":true,"href":"https:\/\/shop.winckelmann-gesellschaft.com\/mitglieder\/wp-json\/wp\/v2\/comments?post=397"}],"wp:featuredmedia":[{"embeddable":true,"href":"https:\/\/shop.winckelmann-gesellschaft.com\/mitglieder\/wp-json\/wp\/v2\/media\/398"}],"wp:attachment":[{"href":"https:\/\/shop.winckelmann-gesellschaft.com\/mitglieder\/wp-json\/wp\/v2\/media?parent=397"}],"curies":[{"name":"wp","href":"https:\/\/api.w.org\/{rel}","templated":true}]}}