{"id":395,"date":"2019-06-09T11:19:52","date_gmt":"2019-06-09T10:19:52","guid":{"rendered":"https:\/\/shop.winckelmann-gesellschaft.com\/mitglieder\/?post_type=product&#038;p=395"},"modified":"2019-06-09T11:19:52","modified_gmt":"2019-06-09T10:19:52","slug":"winckelmann-und-die-schweiz","status":"publish","type":"product","link":"https:\/\/shop.winckelmann-gesellschaft.com\/mitglieder\/produkt\/winckelmann-und-die-schweiz\/","title":{"rendered":"Winckelmann und die Schweiz"},"content":{"rendered":"<p>Auch wenn Johann Joachim Winckelmann nie in der Schweiz weilte, so unterhielt er doch enge und dauerhafte Kontakte zu den Gelehrten und K\u00fcnstlern der Alpenrepublik, die damals als \u201eNeues Arkadien\u201c verkl\u00e4rt wurde. Davon zeugen die Korrespondenzen und Publikationsprojekte des deutschen Altertumsforschers mit Z\u00fcricher Freunden wie auch die verschiedenen Erkundungsreisen, die er mit seinen schweizer Gef\u00e4hrten in Rom und in der Umgebung Neapels unternahm. Dementsprechend intensiv, vielf\u00e4ltig \u2013 aber mitunter auch kritisch \u2013 war die Rezeption von Winckelmanns Ideenwelt in der Eidgenossenschaft, w\u00e4hrend er seinerseits Interesse an helvetischen Geistesstr\u00f6mungen bekundete. Die vorliegenden Akten der im Mai 2017 in Z\u00fcrich am schweizerischen Institut f\u00fcr Kunstwissenschaft (sik-isea) durchgef\u00fchrten Tagung \u201eWinckelmann und die Schweiz\u201c werfen neues Licht auf unterschiedliche Aspekte dieser wechselseitigen, bisher noch wenig erforschten Beziehungen.<\/p>\n","protected":false},"excerpt":{"rendered":"<p>Hrsg. von der Winckelmann-Gesellschaft und dem Schweizerischen Institut f\u00fcr Kunstwissenschaft 176 Seiten mit 75 Abbildungen, Broschur, Stendal und Petersberg 2018, 58,00 \u20ac, f\u00fcr Mitglieder der Winckelmann-Gesellschaft: 30,00 \u20ac Michael Imhof Verlag ISBN 978-3-7319-0810-4<\/p>\n","protected":false},"featured_media":396,"comment_status":"open","ping_status":"closed","template":"","meta":[],"_links":{"self":[{"href":"https:\/\/shop.winckelmann-gesellschaft.com\/mitglieder\/wp-json\/wp\/v2\/product\/395"}],"collection":[{"href":"https:\/\/shop.winckelmann-gesellschaft.com\/mitglieder\/wp-json\/wp\/v2\/product"}],"about":[{"href":"https:\/\/shop.winckelmann-gesellschaft.com\/mitglieder\/wp-json\/wp\/v2\/types\/product"}],"replies":[{"embeddable":true,"href":"https:\/\/shop.winckelmann-gesellschaft.com\/mitglieder\/wp-json\/wp\/v2\/comments?post=395"}],"wp:featuredmedia":[{"embeddable":true,"href":"https:\/\/shop.winckelmann-gesellschaft.com\/mitglieder\/wp-json\/wp\/v2\/media\/396"}],"wp:attachment":[{"href":"https:\/\/shop.winckelmann-gesellschaft.com\/mitglieder\/wp-json\/wp\/v2\/media?parent=395"}],"curies":[{"name":"wp","href":"https:\/\/api.w.org\/{rel}","templated":true}]}}