{"id":391,"date":"2019-06-08T12:09:59","date_gmt":"2019-06-08T11:09:59","guid":{"rendered":"https:\/\/shop.winckelmann-gesellschaft.com\/mitglieder\/?post_type=product&#038;p=391"},"modified":"2019-06-08T12:09:59","modified_gmt":"2019-06-08T11:09:59","slug":"die-suche-nach-der-schoenheit-johann-joachim-winckelmann","status":"publish","type":"product","link":"https:\/\/shop.winckelmann-gesellschaft.com\/mitglieder\/produkt\/die-suche-nach-der-schoenheit-johann-joachim-winckelmann\/","title":{"rendered":"Die Suche nach der Sch\u00f6nheit  Johann Joachim Winckelmann"},"content":{"rendered":"<p>Das kleine, sch\u00f6n gestaltete Buch enth\u00e4lt eine Einf\u00fchrung zum Leben und Werk Winckelmanns von Max Kunze und sieben Zeichnungen zum Leben von Winckelmann von Walther Klemm (gest. 1949) mit Texten von Arthur Schulz (1957) sowie einem Nachwort von Franz Philipp Rutzen.<\/p>\n","protected":false},"excerpt":{"rendered":"<p>Hrsg. von Max Kunze und Franz Philipp Rutzen, Verlag Franz Philipp Rutzen Ruhpolding 2018, 72 Seiten, 26 farbige Abbildungen, f\u00fcr Mitglieder der Winckelmann-Gesellschaft: 8,50 \u20ac ISBN 978-3-910060-97-5<\/p>\n","protected":false},"featured_media":392,"comment_status":"open","ping_status":"closed","template":"","meta":[],"_links":{"self":[{"href":"https:\/\/shop.winckelmann-gesellschaft.com\/mitglieder\/wp-json\/wp\/v2\/product\/391"}],"collection":[{"href":"https:\/\/shop.winckelmann-gesellschaft.com\/mitglieder\/wp-json\/wp\/v2\/product"}],"about":[{"href":"https:\/\/shop.winckelmann-gesellschaft.com\/mitglieder\/wp-json\/wp\/v2\/types\/product"}],"replies":[{"embeddable":true,"href":"https:\/\/shop.winckelmann-gesellschaft.com\/mitglieder\/wp-json\/wp\/v2\/comments?post=391"}],"wp:featuredmedia":[{"embeddable":true,"href":"https:\/\/shop.winckelmann-gesellschaft.com\/mitglieder\/wp-json\/wp\/v2\/media\/392"}],"wp:attachment":[{"href":"https:\/\/shop.winckelmann-gesellschaft.com\/mitglieder\/wp-json\/wp\/v2\/media?parent=391"}],"curies":[{"name":"wp","href":"https:\/\/api.w.org\/{rel}","templated":true}]}}