{"id":375,"date":"2018-02-16T10:06:11","date_gmt":"2018-02-16T09:06:11","guid":{"rendered":"http:\/\/shop.winckelmann-gesellschaft.com\/mitglieder\/?post_type=product&#038;p=375"},"modified":"2018-02-16T10:42:49","modified_gmt":"2018-02-16T09:42:49","slug":"stendaler-winckelmann-forschungen-band-12","status":"publish","type":"product","link":"https:\/\/shop.winckelmann-gesellschaft.com\/mitglieder\/produkt\/stendaler-winckelmann-forschungen-band-12\/","title":{"rendered":"Renate Miller-Gruber Nachrichten von der Antike in deutschen Zeitschriften von 1755 bis 1835"},"content":{"rendered":"<p>Zeitschriften versorgten im gew\u00e4hlten Zeitraum bereits eine breite Leserschaft sehr schnell<br \/>\nund zunehmend differenziert mit Nachrichten von der Antike. Die vorliegende Publikation<br \/>\nuntersucht die Berichterstattung in der Presse und hinterfragt die Beziehungen von<br \/>\nArch\u00e4ologie, Medien und \u00d6ffentlichkeit. So trugen journalistisch aufbereitete Informationen<br \/>\nwesentlich zu einer Popularisierung arch\u00e4ologischer Kenntnisse bei und beeinflussten die Geschmacksbildung von<br \/>\nK\u00fcnstlern, Lehrern und Sammlern. Durch sie erfuhren auch diejenigen, die keine Bildungsreise unternehmen konnten und<br \/>\nkeinen Zugang zu kostbaren, oft fremdsprachigen Prachtb\u00e4nden hatten, Neues \u00fcber antike Denkm\u00e4ler, der \u201aSchulmann\u2018 in<br \/>\nAugsburg ebenso wie der dilettierende Kunstliebhaber in seiner abseits gelegenen Residenz. Zeitschriften regten aber auch<br \/>\nden wissenschaftlichen Diskurs an Akademien und Universit\u00e4ten an. Sie wurden zunehmend ein Forum f\u00fcr den fachlich<br \/>\nspezialisierten Austausch und begleiteten mithin die Bildung der neuen Disziplin \u201aArch\u00e4ologie\u2018.<\/p>\n","protected":false},"excerpt":{"rendered":"<p>Hrsg. von Max Kunze und Valentin Kockel<br \/>\n446 Seiten mit 57 Schwarzwei\u00dfabbildungen,<br \/>\nBroschur, Michael Imhof Verlag: ISBN: 978-3-7319-0625-4<\/p>\n","protected":false},"featured_media":376,"comment_status":"open","ping_status":"closed","template":"","meta":[],"_links":{"self":[{"href":"https:\/\/shop.winckelmann-gesellschaft.com\/mitglieder\/wp-json\/wp\/v2\/product\/375"}],"collection":[{"href":"https:\/\/shop.winckelmann-gesellschaft.com\/mitglieder\/wp-json\/wp\/v2\/product"}],"about":[{"href":"https:\/\/shop.winckelmann-gesellschaft.com\/mitglieder\/wp-json\/wp\/v2\/types\/product"}],"replies":[{"embeddable":true,"href":"https:\/\/shop.winckelmann-gesellschaft.com\/mitglieder\/wp-json\/wp\/v2\/comments?post=375"}],"wp:featuredmedia":[{"embeddable":true,"href":"https:\/\/shop.winckelmann-gesellschaft.com\/mitglieder\/wp-json\/wp\/v2\/media\/376"}],"wp:attachment":[{"href":"https:\/\/shop.winckelmann-gesellschaft.com\/mitglieder\/wp-json\/wp\/v2\/media?parent=375"}],"curies":[{"name":"wp","href":"https:\/\/api.w.org\/{rel}","templated":true}]}}