{"id":353,"date":"2016-10-25T22:11:52","date_gmt":"2016-10-25T21:11:52","guid":{"rendered":"http:\/\/shop.winckelmann-gesellschaft.com\/mitglieder\/produkt\/johann-joachim-winckelmann-dresdner-schriften-text-und-kommentar\/"},"modified":"2017-02-12T13:15:07","modified_gmt":"2017-02-12T12:15:07","slug":"johann-joachim-winckelmann-dresdner-schriften-text-und-kommentar","status":"publish","type":"product","link":"https:\/\/shop.winckelmann-gesellschaft.com\/mitglieder\/produkt\/johann-joachim-winckelmann-dresdner-schriften-text-und-kommentar\/","title":{"rendered":"Johann Joachim Winckelmann: Dresdner Schriften. Text und Kommentar."},"content":{"rendered":"<p>Herausgegeben von Adolf H. Borbein, Max Kunze und Axel R\u00fcgler<\/p>\n<p>Der vorliegende Band pr\u00e4sentiert Texte, die in Winckelmanns N\u00f6thnitzer und Dresdner Zeit entstanden. Zentraler Bestandteil sind die \u203aGedancken \u00fcber die Nachahmung der Griechischen Wercke in der Mahlerey und Bildhauer-Kunst\u2039. Au\u00dferdem sind mehrere unvollendete Entw\u00fcrfe Winckelmanns zu Vortr\u00e4gen oder Aufs\u00e4tzen abgedruckt.<\/p>\n<p>Ein Vorzug dieser Ausgabe gegen\u00fcber der \u00e4lteren von Walther Rehm (Johann Joachim Winckelmann, Kleine Schriften, Vorreden, Entw\u00fcrfe, Berlin 1968) besteht darin, dass durch die Entdeckung eines bislang fast unbekannten eigenh\u00e4ndigen Entwurfs zu den \u203aGedancken\u2039 neue Einblicke in den Entstehungsprozess von Winckelmanns wohl ber\u00fchmtester Schrift gegeben werden. Der Entwurf wird hier erstmals kritisch ediert und mit ausgew\u00e4hlten Faksimiles illustriert. Zu allen Schriften wird ein ausf\u00fchrlicher philologischer, kunsthistorischer und arch\u00e4ologischer Kommentar geboten, in dem die in den Texten genannten Kunstwerke nicht nur identifiziert, sondern gr\u00f6\u00dftenteils auch in Abbildungen vorgelegt sind.<\/p>\n","protected":false},"excerpt":{"rendered":"<p>J. J. Winckelmann. Schriften und Nachla\u00df, Bd. 9,1<br \/>\nVerlag Philipp von Zabern Mainz 2016.<br \/>\nHrsg. Max Kunze, Adolf H. Borbein<br \/>\n514 S. mit 172 s\/w Abb., 20,5 x 26,5 cm, Leinen mit SU<br \/>\nISBN 9783805350457<br \/>\n68,00 \u20ac (f\u00fcr Mitglieder: 68,00 \u20ac)<\/p>\n","protected":false},"featured_media":354,"comment_status":"open","ping_status":"closed","template":"","meta":[],"_links":{"self":[{"href":"https:\/\/shop.winckelmann-gesellschaft.com\/mitglieder\/wp-json\/wp\/v2\/product\/353"}],"collection":[{"href":"https:\/\/shop.winckelmann-gesellschaft.com\/mitglieder\/wp-json\/wp\/v2\/product"}],"about":[{"href":"https:\/\/shop.winckelmann-gesellschaft.com\/mitglieder\/wp-json\/wp\/v2\/types\/product"}],"replies":[{"embeddable":true,"href":"https:\/\/shop.winckelmann-gesellschaft.com\/mitglieder\/wp-json\/wp\/v2\/comments?post=353"}],"wp:featuredmedia":[{"embeddable":true,"href":"https:\/\/shop.winckelmann-gesellschaft.com\/mitglieder\/wp-json\/wp\/v2\/media\/354"}],"wp:attachment":[{"href":"https:\/\/shop.winckelmann-gesellschaft.com\/mitglieder\/wp-json\/wp\/v2\/media?parent=353"}],"curies":[{"name":"wp","href":"https:\/\/api.w.org\/{rel}","templated":true}]}}