{"id":346,"date":"2016-09-27T13:27:49","date_gmt":"2016-09-27T12:27:49","guid":{"rendered":"http:\/\/shop.winckelmann-gesellschaft.com\/mitglieder\/produkt\/bettina-baumgaertel-anmut-und-aufklaerung-eine-sammlung-von-druckgraphik-nach-werken-von-angelika-kauffmann\/"},"modified":"2017-06-28T09:08:29","modified_gmt":"2017-06-28T08:08:29","slug":"bettina-baumgaertel-anmut-und-aufklaerung-eine-sammlung-von-druckgraphik-nach-werken-von-angelika-kauffmann","status":"publish","type":"product","link":"https:\/\/shop.winckelmann-gesellschaft.com\/mitglieder\/produkt\/bettina-baumgaertel-anmut-und-aufklaerung-eine-sammlung-von-druckgraphik-nach-werken-von-angelika-kauffmann\/","title":{"rendered":"Bettina Baumg\u00e4rtel. Anmut und Aufkl\u00e4rung. Eine Sammlung von Druckgraphik nach Werken von Angelika Kauffmann."},"content":{"rendered":"<p>Katalog zur Ausstellung im Winckelmann-Museum, Stendal, 4.Sept. bis 20.Nov.2016<\/p>\n<p>Der Ausstellungskatalog pr\u00e4sentiert die Sammlung zweier Mitglieder der Winckelmann-Gesellschaft, der M\u00fcnchner Klassizismus-Sammler Sven Kielgas und Falk Morten Weber. In Ihrer Sammlung klassizistischer Kunst befinden sich u. a. gut 100 Stiche nach den ber\u00fchmtesten Werken von Angelika Kauffmann aus dem Ende des 18. Jahrhunderts. Diese Sammlung stellt zugleich einen Querschnitt aus dem Schaffen dieser Ausnahmek\u00fcnstlerin dar, denn mythologische Themen sind in ihr ebenso vertreten wie Portraits, f\u00fcr die sie weltber\u00fchmt wurde, oder Szenen nach Werken Shakespeares.<br \/>\nAls junge K\u00fcnstlerin wurde Angelika Kauffmann in Rom schlagartig durch ihr Portr\u00e4t J. J. Winckelmanns ber\u00fchmt, das sie im Alter von 22 Jahren im Auftrag des Schweizer Malers Johann Kaspar F\u00fc\u00dfli 1764 geschaffen hatte. Winckelmann hatte sich mehrfach in Briefen sehr anerkennend \u00fcber das Gem\u00e4lde und die Portr\u00e4tradierung ge\u00e4u\u00dfert.<br \/>\nDie Sammlung Kielgas-Weber gibt auch Einblick in die Bl\u00fctezeit der englischen Reproduktionsgraphik. Besonders durch die neu entwickelte Technik des Punktierstichs erreichten Kauffmanns Werke einen enormen internationalen Bekanntheitsgrad.<\/p>\n","protected":false},"excerpt":{"rendered":"<p>\u00a9 2016 Winckelmann-Gesellschaft<br \/>\n88 Seiten mit 88 Farbabbildungen<br \/>\nISBN 978-3447107020<\/p>\n<p>Preis 17,00 \u20ac<\/p>\n","protected":false},"featured_media":347,"comment_status":"open","ping_status":"closed","template":"","meta":[],"_links":{"self":[{"href":"https:\/\/shop.winckelmann-gesellschaft.com\/mitglieder\/wp-json\/wp\/v2\/product\/346"}],"collection":[{"href":"https:\/\/shop.winckelmann-gesellschaft.com\/mitglieder\/wp-json\/wp\/v2\/product"}],"about":[{"href":"https:\/\/shop.winckelmann-gesellschaft.com\/mitglieder\/wp-json\/wp\/v2\/types\/product"}],"replies":[{"embeddable":true,"href":"https:\/\/shop.winckelmann-gesellschaft.com\/mitglieder\/wp-json\/wp\/v2\/comments?post=346"}],"wp:featuredmedia":[{"embeddable":true,"href":"https:\/\/shop.winckelmann-gesellschaft.com\/mitglieder\/wp-json\/wp\/v2\/media\/347"}],"wp:attachment":[{"href":"https:\/\/shop.winckelmann-gesellschaft.com\/mitglieder\/wp-json\/wp\/v2\/media?parent=346"}],"curies":[{"name":"wp","href":"https:\/\/api.w.org\/{rel}","templated":true}]}}