{"id":342,"date":"2016-06-26T16:11:22","date_gmt":"2016-06-26T15:11:22","guid":{"rendered":"http:\/\/shop.winckelmann-gesellschaft.com\/mitglieder\/produkt\/winckelmann-florenz-und-die-etrusker\/"},"modified":"2016-07-17T21:51:14","modified_gmt":"2016-07-17T20:51:14","slug":"winckelmann-florenz-und-die-etrusker","status":"publish","type":"product","link":"https:\/\/shop.winckelmann-gesellschaft.com\/mitglieder\/produkt\/winckelmann-florenz-und-die-etrusker\/","title":{"rendered":"Winckelmann, Florenz und die Etrusker"},"content":{"rendered":"<p>Der Vater der Arch\u00e4ologie in der Toskana<\/p>\n<p>Katalog zur Ausstellung im Arch\u00e4ologischen Nationalmuseum Florenz vom 26. Mai 2016 bis 30. Januar 2017<\/p>\n<p>Die Ausstellung bildet den Auftakt zu den internationalen Jubil\u00e4umsfeiern f\u00fcr Johann Joachim Winckelmann, mit denen sein 300. Geburtstag (Stendal, 9. Dezember 1717) und sein 250 Todestag (Triest, 8. Juni 1768) begangen werden.<br \/>\nIn seinem umfassenden Forschungsvorhaben zur antiken Kunst befasste sich Winckelmann auch mit der etruskischen Kunst, widmete ihr in der Geschichte der Kunst des Alterthums (1764) ein ganzes Kapitel und kam in sp\u00e4teren Werken wieder darauf zu sprechen.<br \/>\nSeine Kenntnisse auf diesem Gebiet waren begrenzt, ebenso wie sich auch das Dokumentationsmaterial jener Zeit, das \u00fcberwiegend aus Nordetrurien, einem Territorium, das im 18. Jahrhundert in etwa dem Gro\u00dfherzogtum der Toskana entsprach, stammte, als sp\u00e4rlich und l\u00fcckenhaft erwies. W\u00e4hrend seines Aufenthaltes in Florenz, wo er von September 1758 bis April 1759 am Katalog der Gemmensammlung des Barons von Stosch arbeitete, konnte Winckelmann, auch dank seiner Beziehungen zu den Florentiner Gelehrten und Altertumsforschern, sein Wissen \u00fcber die etruskischen Kunstdenkm\u00e4ler vertiefen.<\/p>\n","protected":false},"excerpt":{"rendered":"<p>Verlag Franz Philipp Rutzen, Mainz 2016<br \/>\nin Kommission bei Harrassowitz Verlag<br \/>\n350 Seiten mit ca. 170 Farb- und ca. 170 Schwarzwei\u00dfabbildungen<br \/>\nISBN 978-344-7-10638-2<\/p>\n<p>Preis f\u00fcr Mitglieder 39,00 \u20ac<\/p>\n","protected":false},"featured_media":343,"comment_status":"open","ping_status":"closed","template":"","meta":[],"_links":{"self":[{"href":"https:\/\/shop.winckelmann-gesellschaft.com\/mitglieder\/wp-json\/wp\/v2\/product\/342"}],"collection":[{"href":"https:\/\/shop.winckelmann-gesellschaft.com\/mitglieder\/wp-json\/wp\/v2\/product"}],"about":[{"href":"https:\/\/shop.winckelmann-gesellschaft.com\/mitglieder\/wp-json\/wp\/v2\/types\/product"}],"replies":[{"embeddable":true,"href":"https:\/\/shop.winckelmann-gesellschaft.com\/mitglieder\/wp-json\/wp\/v2\/comments?post=342"}],"wp:featuredmedia":[{"embeddable":true,"href":"https:\/\/shop.winckelmann-gesellschaft.com\/mitglieder\/wp-json\/wp\/v2\/media\/343"}],"wp:attachment":[{"href":"https:\/\/shop.winckelmann-gesellschaft.com\/mitglieder\/wp-json\/wp\/v2\/media?parent=342"}],"curies":[{"name":"wp","href":"https:\/\/api.w.org\/{rel}","templated":true}]}}