{"id":340,"date":"2016-06-26T16:02:01","date_gmt":"2016-06-26T15:02:01","guid":{"rendered":"http:\/\/shop.winckelmann-gesellschaft.com\/mitglieder\/produkt\/berndt-wilde-skulpturen-aquarelle-zeichnungen\/"},"modified":"2016-07-17T21:47:50","modified_gmt":"2016-07-17T20:47:50","slug":"berndt-wilde-skulpturen-aquarelle-zeichnungen","status":"publish","type":"product","link":"https:\/\/shop.winckelmann-gesellschaft.com\/mitglieder\/produkt\/berndt-wilde-skulpturen-aquarelle-zeichnungen\/","title":{"rendered":"Berndt Wilde &#8211; Skulpturen &#8211; Aquarelle &#8211; Zeichnungen"},"content":{"rendered":"<p>Mit \u00fcber 100 Arbeiten \u2013 Skulpturen\/Zeichnungen\/Gouachen \u2013 pr\u00e4sentiert die Ausstellung eine umfassende Schau des Berliner Bildhauers Berndt Wilde. Erstmals werden in Stendal Silberstiftzeichnungen und Zeichnungen nach Antiken gemeinsam mit Collagen, Reliefs, Aquarellen, Gouachen und seinen zahlreichen Skulpturen gezeigt.<br \/>\nWenngleich es der fl\u00fcchtige Blick auf sein Gesamtwerk nicht sofort vermuten l\u00e4sst: Berndt Wilde hat sich immer wieder auch mit der Antike auseinandergesetzt. Zeichnungen ber\u00fchmter griechischer Skulpturen, z.B. Figuren des Pergamon-Altares oder des Parthenonfrieses, geh\u00f6ren schon fr\u00fch zu seinem Schaffen.<br \/>\n1979 hatte der in der DDR lebende der K\u00fcnstler das Gl\u00fcck, nach Italien reisen zu k\u00f6nnen. Wie f\u00fcr viele K\u00fcnstler waren auch f\u00fcr ihn die mediterrane Vegetation und die geschichtstr\u00e4chtigen Bauten eine besondere Inspirationsquelle. Italienansichten, Zeichnungen antiker Statuen und Bilder antiker Ruinen gingen daraus hervor.<br \/>\nDas Hauptwerk des K\u00fcnstlers gilt der Skulptur. Diese m\u00f6gen im besten Sinne als kubistisch gelten. Neben biblischen Themen wie Adam und Eva ist es vor allem die antike Gestalt der Ariadne, jene mythische Tochter des kretischen K\u00f6nigs Minos, die sich in den Athener Theseus verliebt und ihm mit dem legend\u00e4ren Fadenkn\u00e4ul hilft, den Minotaurus zu besiegen.<\/p>\n","protected":false},"excerpt":{"rendered":"<p>\u00a9 2016 Winckelmann-Gesellschaft<br \/>\n64 Seiten mit 79 Farb- und Schwarzwei\u00dfabbildungen<br \/>\nISBN 978-3-910060-95-1<\/p>\n<p>Preis f\u00fcr Mitglieder 16,00 \u20ac<\/p>\n","protected":false},"featured_media":341,"comment_status":"open","ping_status":"closed","template":"","meta":[],"_links":{"self":[{"href":"https:\/\/shop.winckelmann-gesellschaft.com\/mitglieder\/wp-json\/wp\/v2\/product\/340"}],"collection":[{"href":"https:\/\/shop.winckelmann-gesellschaft.com\/mitglieder\/wp-json\/wp\/v2\/product"}],"about":[{"href":"https:\/\/shop.winckelmann-gesellschaft.com\/mitglieder\/wp-json\/wp\/v2\/types\/product"}],"replies":[{"embeddable":true,"href":"https:\/\/shop.winckelmann-gesellschaft.com\/mitglieder\/wp-json\/wp\/v2\/comments?post=340"}],"wp:featuredmedia":[{"embeddable":true,"href":"https:\/\/shop.winckelmann-gesellschaft.com\/mitglieder\/wp-json\/wp\/v2\/media\/341"}],"wp:attachment":[{"href":"https:\/\/shop.winckelmann-gesellschaft.com\/mitglieder\/wp-json\/wp\/v2\/media?parent=340"}],"curies":[{"name":"wp","href":"https:\/\/api.w.org\/{rel}","templated":true}]}}