{"id":313,"date":"2016-05-10T12:47:00","date_gmt":"2016-05-10T11:47:00","guid":{"rendered":"http:\/\/shop.winckelmann-gesellschaft.com\/mitglieder\/produkt\/johann-joachim-winckelmann-und-stanislaw-kostka-potocki-meister-und-schueler\/"},"modified":"2016-07-17T22:01:47","modified_gmt":"2016-07-17T21:01:47","slug":"johann-joachim-winckelmann-und-stanislaw-kostka-potocki-meister-und-schueler","status":"publish","type":"product","link":"https:\/\/shop.winckelmann-gesellschaft.com\/mitglieder\/produkt\/johann-joachim-winckelmann-und-stanislaw-kostka-potocki-meister-und-schueler\/","title":{"rendered":"\u201eJohann Joachim Winckelmann und Stanislaw Kostka Potocki \u2013 Meister und Sch\u00fcler\u201c"},"content":{"rendered":"<p>Unter dem Titel <strong>\u201eJohann Joachim Winckelmann und Stanislaw Kostka Potocki \u2013 Meister und Sch\u00fcler\u201c<\/strong> fand vom 8.\u20139. Mai 2014 in Warschau ein Kongress mit internationaler Beteiligung statt. Er widmete sich dem Einfluss Winckelmanns auf Potocki.<br \/>\nDer vorliegende Band beinhaltet die auf der Tagung gehaltenen Beitr\u00e4ge in deutscher und polnischer Sprache.<br \/>\nStanislaw Kostka Potocki (1757\u20131821), Staatsmann, Kunstgelehrter und Schriftsteller, gab Johann Joachim Winckelmanns Geschichte der Kunst des Alterthums im Jahre 1815 neu heraus. Er \u00fcbertrug den Winckelmannschen Text frei und teilweise verk\u00fcrzt ins Polnische und erweiterte den Inhalt durch v\u00f6llig neue Kapitel zu den Chald\u00e4ern, Indern und Chinesen. Es war seine Absicht, den Winckelmannschen Text zu nutzen f\u00fcr eine neue, dem Kunstkennertum, nicht der Gelehrsamkeit verpflichtende Darstellung der Kunst der alten V\u00f6lker. Er wollte \u201ein einem neuen Werk die Kenntnis der Kunst als so leicht, so einfach dar[\u2026]stellen, wie ich ihr Wesen empfinde, [\u2026] und nur die angenehme Wissenschaft des Kunstkenners\u201c aus dem Werk des Begr\u00fcnders der Klassischen Arch\u00e4ologie und modernen Kunstwissenschaft herausfiltern.<br \/>\nDiese \u00dcbertragung ins Polnische w\u00e4re nur eines der vielen Rezeptionszeugnisse der Wirkung Winckelmanns in Europa gewesen, zweifellos einzigartig durch Potockis Einleitung und die eingef\u00fcgten neuen Kapitel, wenn nicht Potocki als Staatsmann und Bildungsreformer in Polen eine bedeutende Rolle gespielt h\u00e4tte.<\/p>\n","protected":false},"excerpt":{"rendered":"<p>Format 21 x 30 cm, 300 Seiten mit ca. 60 Farb- und 30 SW-Abb. geb., 68,00 \u20ac<br \/>\n2016 Verlag Franz Philipp Rutzen Ruhpolding und Mainz, Harrassowitz Verlag<br \/>\nund Winckelmann-Gesellschaft<br \/>\nHerausgegeben von Max Kunze<br \/>\nISBN 978-3-447-10630-6<br \/>\nPreis f\u00fcr Mitglieder 34,00 \u20ac<\/p>\n","protected":false},"featured_media":314,"comment_status":"open","ping_status":"closed","template":"","meta":[],"_links":{"self":[{"href":"https:\/\/shop.winckelmann-gesellschaft.com\/mitglieder\/wp-json\/wp\/v2\/product\/313"}],"collection":[{"href":"https:\/\/shop.winckelmann-gesellschaft.com\/mitglieder\/wp-json\/wp\/v2\/product"}],"about":[{"href":"https:\/\/shop.winckelmann-gesellschaft.com\/mitglieder\/wp-json\/wp\/v2\/types\/product"}],"replies":[{"embeddable":true,"href":"https:\/\/shop.winckelmann-gesellschaft.com\/mitglieder\/wp-json\/wp\/v2\/comments?post=313"}],"wp:featuredmedia":[{"embeddable":true,"href":"https:\/\/shop.winckelmann-gesellschaft.com\/mitglieder\/wp-json\/wp\/v2\/media\/314"}],"wp:attachment":[{"href":"https:\/\/shop.winckelmann-gesellschaft.com\/mitglieder\/wp-json\/wp\/v2\/media?parent=313"}],"curies":[{"name":"wp","href":"https:\/\/api.w.org\/{rel}","templated":true}]}}