{"id":302,"date":"2015-07-05T16:03:12","date_gmt":"2015-07-05T15:03:12","guid":{"rendered":"http:\/\/shop.winckelmann-gesellschaft.com\/mitglieder\/produkt\/max-klinger-1857-1920\/"},"modified":"2015-07-05T16:04:50","modified_gmt":"2015-07-05T15:04:50","slug":"max-klinger-1857-1920","status":"publish","type":"product","link":"https:\/\/shop.winckelmann-gesellschaft.com\/mitglieder\/produkt\/max-klinger-1857-1920\/","title":{"rendered":"Max Klinger (1857\u20131920)"},"content":{"rendered":"<p>Max Klingers (1857\u20131920) umfangreiches graphisches Werk z\u00e4hlt zu den besten Leistungen der deutschen Graphik. Er entwickelte die Tiefdruckverfahren Radierung und Aquatinta zur Perfektion, variierte sie mit anderen Techniken wie Kupferstich, Schabkunst oder Lithographie. Wegen seiner stark subjektiven, mythologisierenden bis psychologisierenden Tiefenschau und der Kombination aus realistischer und symbolisch verschl\u00fcsselter Bildsprache z\u00e4hlt man ihn zu Recht zu einem der Hauptmeister des deutschen Symbolismus.<\/p>\n<p>Die Ausstellung zeigt bisher unver\u00f6ffentlichte Zeichnungen Max Klingers aus einer s\u00e4chsischen Privatsammlung. Erstmals \u00fcberhaupt wird in Stendal die bisher als verschollen geglaubte, 1886 entstandene erste Entwurfszeichnung des Thrones f\u00fcr das Leipziger Beethoven-Denkmal gezeigt. <\/p>\n<p>Thematisiert ist auch Klingers Affinit\u00e4t f\u00fcr die Antike. Schon in seinen jungen Jahren besch\u00e4ftigte er sich mit antiken G\u00f6ttern, Helden und Mythen, wenngleich auf ironische, zuweilen respektlose Weise. Sp\u00e4ter dienten ihm antike und christliche Elemente als Bausteine seiner Werke.<\/p>\n","protected":false},"excerpt":{"rendered":"<p>Verlag Franz Philipp Rutzen, Mainz 2015<br \/>\nin Kommission bei Harrassowitz Verlag<br \/>\n104 Seiten mit 117 Farb- und Schwarzwei\u00dfabbildungen<br \/>\nISBN 978-344-7-10453-1<\/p>\n<p>Preis f\u00fcr Mitglieder 17,50 \u20ac<\/p>\n","protected":false},"featured_media":303,"comment_status":"open","ping_status":"closed","template":"","meta":[],"_links":{"self":[{"href":"https:\/\/shop.winckelmann-gesellschaft.com\/mitglieder\/wp-json\/wp\/v2\/product\/302"}],"collection":[{"href":"https:\/\/shop.winckelmann-gesellschaft.com\/mitglieder\/wp-json\/wp\/v2\/product"}],"about":[{"href":"https:\/\/shop.winckelmann-gesellschaft.com\/mitglieder\/wp-json\/wp\/v2\/types\/product"}],"replies":[{"embeddable":true,"href":"https:\/\/shop.winckelmann-gesellschaft.com\/mitglieder\/wp-json\/wp\/v2\/comments?post=302"}],"wp:featuredmedia":[{"embeddable":true,"href":"https:\/\/shop.winckelmann-gesellschaft.com\/mitglieder\/wp-json\/wp\/v2\/media\/303"}],"wp:attachment":[{"href":"https:\/\/shop.winckelmann-gesellschaft.com\/mitglieder\/wp-json\/wp\/v2\/media?parent=302"}],"curies":[{"name":"wp","href":"https:\/\/api.w.org\/{rel}","templated":true}]}}