{"id":298,"date":"2015-06-17T19:33:48","date_gmt":"2015-06-17T18:33:48","guid":{"rendered":"http:\/\/shop.winckelmann-gesellschaft.com\/mitglieder\/produkt\/johann-joachim-winckelmann-monumenti-antichi-inediti-spiegati-ed-illustrati-kommentar\/"},"modified":"2015-06-17T19:35:18","modified_gmt":"2015-06-17T18:35:18","slug":"johann-joachim-winckelmann-monumenti-antichi-inediti-spiegati-ed-illustrati-kommentar","status":"publish","type":"product","link":"https:\/\/shop.winckelmann-gesellschaft.com\/mitglieder\/produkt\/johann-joachim-winckelmann-monumenti-antichi-inediti-spiegati-ed-illustrati-kommentar\/","title":{"rendered":"Johann Joachim Winckelmann: Monumenti antichi inediti spiegati ed illustrati. Kommentar."},"content":{"rendered":"<p> Adolf H. Borbein \/ Max Kunze \/ Axel R\u00fcgler (Hg.)<br \/>\nMonumenti antichi inediti spiegati ed illustrati<\/p>\n<p>Kommentar<\/p>\n<p>Der Kommentarband zu Winckelmanns Monumenti antichi inediti bietet umfangreiche arch\u00e4ologische, altphilologische, historische und allgemeine Sacherl\u00e4uterungen, dazu Abbildungen der meisten der im Text erw\u00e4hnten antiken Monumente.<\/p>\n<p>Band 6,2 der Reihe Johann Joachim Winckelmann &#8211; Schriften und Nachlass<\/p>\n<p>Die Kommentare entschl\u00fcsseln die von Winckelmann abgek\u00fcrzten und daher schwer verst\u00e4ndlichen Literaturzitate antiker und zeitgen\u00f6ssischer Autoren, identifizieren die von Winckelmann besprochenen antiken Kunstwerke und erkl\u00e4ren Mythen, historische Ereignisse und Personen. Sie versuchen, gelegentliche Fehlurteile Winckelmanns aus dem Wissensstand seiner Zeit heraus zu verstehen und zu Unrecht in Vergessenheit geratene Denkans\u00e4tze und Interpretationsvorschl\u00e4ge hervorzuheben.<br \/>\nEine Einf\u00fchrung in das Italienisch Winckelmanns charakterisiert die Monumenti als Zeugnis f\u00fcr die Tradition und den Wandel des Italienischen als europ\u00e4ischer Kultursprache und als Beispiel f\u00fcr den Kulturtransfer zwischen Italien und Deutschland im 18. Jahrhundert.<\/p>\n","protected":false},"excerpt":{"rendered":"<p>J. J. Winckelmann. Schriften und Nachla\u00df, Bd. 6,2<br \/>\nVerlag Philipp von Zabern Mainz 2015.<br \/>\nHrsg. Max Kunze, Adolf H. Borbein<br \/>\nXXVI, 835 S., 523 Abb.<br \/>\nISBN 978-3-8053-4889-8<br \/>\n86,00 \u20ac (f\u00fcr Mitglieder: 86,00 \u20ac)<\/p>\n","protected":false},"featured_media":218,"comment_status":"open","ping_status":"closed","template":"","meta":[],"_links":{"self":[{"href":"https:\/\/shop.winckelmann-gesellschaft.com\/mitglieder\/wp-json\/wp\/v2\/product\/298"}],"collection":[{"href":"https:\/\/shop.winckelmann-gesellschaft.com\/mitglieder\/wp-json\/wp\/v2\/product"}],"about":[{"href":"https:\/\/shop.winckelmann-gesellschaft.com\/mitglieder\/wp-json\/wp\/v2\/types\/product"}],"replies":[{"embeddable":true,"href":"https:\/\/shop.winckelmann-gesellschaft.com\/mitglieder\/wp-json\/wp\/v2\/comments?post=298"}],"wp:featuredmedia":[{"embeddable":true,"href":"https:\/\/shop.winckelmann-gesellschaft.com\/mitglieder\/wp-json\/wp\/v2\/media\/218"}],"wp:attachment":[{"href":"https:\/\/shop.winckelmann-gesellschaft.com\/mitglieder\/wp-json\/wp\/v2\/media?parent=298"}],"curies":[{"name":"wp","href":"https:\/\/api.w.org\/{rel}","templated":true}]}}