{"id":290,"date":"2014-12-14T20:56:07","date_gmt":"2014-12-14T19:56:07","guid":{"rendered":"http:\/\/shop.winckelmann-gesellschaft.com\/mitglieder\/produkt\/stendhal-und-winckelmann-stendhal-in-deutschland\/"},"modified":"2014-12-14T21:20:49","modified_gmt":"2014-12-14T20:20:49","slug":"stendhal-und-winckelmann-stendhal-in-deutschland","status":"publish","type":"product","link":"https:\/\/shop.winckelmann-gesellschaft.com\/mitglieder\/produkt\/stendhal-und-winckelmann-stendhal-in-deutschland\/","title":{"rendered":"Stendhal und Winckelmann. Stendhal in Deutschland."},"content":{"rendered":"<p>Die hier versammelten Beitr\u00e4ge wurden auf dem Internationalen Kolloquium \u201eStendhal und Winckelmann\u201c, organisiert vom Centre d\u2019\u00c9tudes Stendhaliennes et Romantiques und von der Winckelmann-Gesellschaft, am 14.\/15. Mai 2013 an der Stendhal-Universit\u00e4t in Grenoble vorgetragen (hier nun z.T. auch in erweiterter Form). Der Band mit den franz\u00f6sischen Beitr\u00e4gen der Tagung, der separat erscheint, wird sich auf \u201eStendhal und Winckelmann\u201c konzentrieren, w\u00e4hrend der hier vorliegende Band sich auch dem Thema \u201eStendhal in Deutschland\u201c widmet. Der Band enth\u00e4lt die Beitr\u00e4ge von Michael Wenzel \u00fcber Stendhal: Bilder des Nordens und des S\u00fcdens in Braunschweig und \u201aheroische\u2018 Lekt\u00fcren in Wolfenb\u00fcttel (1806\/08), Eva-Tabea Meineke \u00fcber Italienische Kunstliebe bei Stendhal und Winckelmann, Lydia Bauer \u00fcber Der Androgyn als klassisches Sch\u00f6nheitsideal und als alchemistisches Symbol in Stendhals Roman Armance (1827), Fran\u00e7ois Genton \u00fcber Das Preu\u00dfen Stendhals, Jean-Jacques Labia \u00fcber Nennt mich Stendhal: Das deutsche Erlebnis als Achse in der doppelten Topik Stendhals, Renate Reschke \u00fcber \u201eGesetzt, da\u00df Stendhal recht h\u00e4tte \u2026 \u201cFriedrich Nietzsche \u00fcber Stendhal, antike Sch\u00f6nheit und Winckelmanns Klassizismus, Jean-Charles Margotton \u00fcber Stendhal und die deutsche Musik und Markus K\u00e4fer \u00fcber Stendhal-Rezeption in Deutschland: Von Goethe bis Nietzsche.<\/p>\n","protected":false},"excerpt":{"rendered":"<p>Schriften der Winckelmann-Gesellschaft, Bd. XXX<br \/>\nDie hohen Sch\u00f6nheiten sind hier ohne Grenzen<br \/>\nStendhal und Winckelmann. Stendhal in Deutschland.<br \/>\n131 Seiten mit 7 Abbildungen,<br \/>\n\u00a9 2014 Winckelmann-Gesellschaft Stendal<br \/>\nISBN 978-3-910060-93-7<br \/>\n30,00 \u20ac (f\u00fcr Mitglieder 15,00 \u20ac)<\/p>\n","protected":false},"featured_media":291,"comment_status":"open","ping_status":"closed","template":"","meta":[],"_links":{"self":[{"href":"https:\/\/shop.winckelmann-gesellschaft.com\/mitglieder\/wp-json\/wp\/v2\/product\/290"}],"collection":[{"href":"https:\/\/shop.winckelmann-gesellschaft.com\/mitglieder\/wp-json\/wp\/v2\/product"}],"about":[{"href":"https:\/\/shop.winckelmann-gesellschaft.com\/mitglieder\/wp-json\/wp\/v2\/types\/product"}],"replies":[{"embeddable":true,"href":"https:\/\/shop.winckelmann-gesellschaft.com\/mitglieder\/wp-json\/wp\/v2\/comments?post=290"}],"wp:featuredmedia":[{"embeddable":true,"href":"https:\/\/shop.winckelmann-gesellschaft.com\/mitglieder\/wp-json\/wp\/v2\/media\/291"}],"wp:attachment":[{"href":"https:\/\/shop.winckelmann-gesellschaft.com\/mitglieder\/wp-json\/wp\/v2\/media?parent=290"}],"curies":[{"name":"wp","href":"https:\/\/api.w.org\/{rel}","templated":true}]}}