{"id":286,"date":"2014-10-15T20:56:44","date_gmt":"2014-10-15T19:56:44","guid":{"rendered":"http:\/\/shop.winckelmann-gesellschaft.com\/mitglieder\/produkt\/gab-es-den-heiligen-nikolaus-wirklich-ein-kinderbuch-von-jutta-kunze\/"},"modified":"2014-10-15T20:58:43","modified_gmt":"2014-10-15T19:58:43","slug":"gab-es-den-heiligen-nikolaus-wirklich-ein-kinderbuch-von-jutta-kunze","status":"publish","type":"product","link":"https:\/\/shop.winckelmann-gesellschaft.com\/mitglieder\/produkt\/gab-es-den-heiligen-nikolaus-wirklich-ein-kinderbuch-von-jutta-kunze\/","title":{"rendered":"Gab es den Heiligen Nikolaus wirklich? Ein Kinderbuch von Jutta Kunze."},"content":{"rendered":"<p>Gab es ihn wirklich den Heiligen Nikolaus?<br \/>\nDieses kleine Buch f\u00fcr Kinder geht dem Leben des Bischofs von Myra nach, der vor 1700 Jahren gelebt haben soll<br \/>\nund an einen 6. Dezember verstorben ist. Spannende Wundergeschichten verbinden sich mit seinem Namen, ebenso<br \/>\nverschiedene Gebr\u00e4uche zum Nikolaustag, die in diesem B\u00fcchlein erz\u00e4hlt werden.<\/p>\n","protected":false},"excerpt":{"rendered":"<p>16,5 x 23,5 cm, 23 Seiten mit Farbabbildungen, 10,00 \u20ac<br \/>\ninclusive 6 Wunderpostkarten zum ausmalen und eine Bastel\u00fcberraschung<br \/>\nHerausgeber: Max Kunze<br \/>\n2014 Winckelmann-Gesellschaft Stendal<br \/>\nISBN 978-3-910060-92-0<br \/>\nPreis f\u00fcr Mitglieder 6,00 \u20ac<\/p>\n","protected":false},"featured_media":287,"comment_status":"open","ping_status":"closed","template":"","meta":[],"_links":{"self":[{"href":"https:\/\/shop.winckelmann-gesellschaft.com\/mitglieder\/wp-json\/wp\/v2\/product\/286"}],"collection":[{"href":"https:\/\/shop.winckelmann-gesellschaft.com\/mitglieder\/wp-json\/wp\/v2\/product"}],"about":[{"href":"https:\/\/shop.winckelmann-gesellschaft.com\/mitglieder\/wp-json\/wp\/v2\/types\/product"}],"replies":[{"embeddable":true,"href":"https:\/\/shop.winckelmann-gesellschaft.com\/mitglieder\/wp-json\/wp\/v2\/comments?post=286"}],"wp:featuredmedia":[{"embeddable":true,"href":"https:\/\/shop.winckelmann-gesellschaft.com\/mitglieder\/wp-json\/wp\/v2\/media\/287"}],"wp:attachment":[{"href":"https:\/\/shop.winckelmann-gesellschaft.com\/mitglieder\/wp-json\/wp\/v2\/media?parent=286"}],"curies":[{"name":"wp","href":"https:\/\/api.w.org\/{rel}","templated":true}]}}