{"id":278,"date":"2014-09-30T20:16:13","date_gmt":"2014-09-30T19:16:13","guid":{"rendered":"http:\/\/shop.winckelmann-gesellschaft.com\/mitglieder\/produkt\/vision-einer-akademie-winckelmann-und-die-aktzeichnungen-aus-den-salzburger-klebebaenden-des-hieronymus-colloredo\/"},"modified":"2014-09-30T20:17:53","modified_gmt":"2014-09-30T19:17:53","slug":"vision-einer-akademie-winckelmann-und-die-aktzeichnungen-aus-den-salzburger-klebebaenden-des-hieronymus-colloredo","status":"publish","type":"product","link":"https:\/\/shop.winckelmann-gesellschaft.com\/mitglieder\/produkt\/vision-einer-akademie-winckelmann-und-die-aktzeichnungen-aus-den-salzburger-klebebaenden-des-hieronymus-colloredo\/","title":{"rendered":"VISION EINER AKADEMIE. Winckelmann und die Aktzeichnungen aus den Salzburger Klebeb\u00e4nden des Hieronymus Colloredo."},"content":{"rendered":"<p>Mit Beitr\u00e4gen von Roswitha Juffinger, Beatrix Koll und Kathrin Schade.<\/p>\n<p>1784\/1785 gr\u00fcndete der Salzburger F\u00fcrsterzbischof Hieronymus Graf von Colloredo (1732\u20131812; regiert 1772\u20131803) eine Zeichnungs-Akademie. Zur Geschichte dieser Institution gibt es nach wie vor nur Eckdaten. Aus Colloredos Bibliothek hatten sich 6 Folianten erhalten, in die an die 1000 graphische Bl\u00e4tter eingeklebt waren. Insgesamt befanden sich in diesen Klebeb\u00e4nden mehr als 400 Aktzeichnungen nach dem lebenden Modell oder nach ber\u00fchmten antiken Statuen in R\u00f6tel bzw. Kohle, ein erheblicher Teil davon stammt aus der Zeit vor Colloredo. Die Schulung junger K\u00fcnstler anhand antiker Statuen ebenso wie am lebenden Modell (Akt) war essenziell im Curriculum einer Kunstakademie. Der Umstand, dass auf den B\u00e4nden der Vermerk \u201eMahler-Akademie\u201c angebracht war, l\u00e4sst den Schluss zu, dass die Kompendien von Colloredo als Anschauungsmaterial f\u00fcr seine Zeichnungsakademie vorgesehen waren.<br \/>\nDer von Winckelmann postulierte klassizistische Lehrgedanke wurde hier gleichsam in die Tat umgesetzt.<\/p>\n","protected":false},"excerpt":{"rendered":"<p>Cyriacus. Studien zur Rezeption der Antike. Band 6<br \/>\nVerlag Franz Philipp Rutzen Ruhpolding 2014.<br \/>\n296 Seiten mit 561 Farbabbildungen, Format 21 x 30 cm, Klappenbroschur<br \/>\nISBN 4-978-3-447-10297-1<br \/>\n68,00 \u20ac (f\u00fcr Mitglieder: 39,00 \u20ac)<\/p>\n","protected":false},"featured_media":279,"comment_status":"open","ping_status":"closed","template":"","meta":[],"_links":{"self":[{"href":"https:\/\/shop.winckelmann-gesellschaft.com\/mitglieder\/wp-json\/wp\/v2\/product\/278"}],"collection":[{"href":"https:\/\/shop.winckelmann-gesellschaft.com\/mitglieder\/wp-json\/wp\/v2\/product"}],"about":[{"href":"https:\/\/shop.winckelmann-gesellschaft.com\/mitglieder\/wp-json\/wp\/v2\/types\/product"}],"replies":[{"embeddable":true,"href":"https:\/\/shop.winckelmann-gesellschaft.com\/mitglieder\/wp-json\/wp\/v2\/comments?post=278"}],"wp:featuredmedia":[{"embeddable":true,"href":"https:\/\/shop.winckelmann-gesellschaft.com\/mitglieder\/wp-json\/wp\/v2\/media\/279"}],"wp:attachment":[{"href":"https:\/\/shop.winckelmann-gesellschaft.com\/mitglieder\/wp-json\/wp\/v2\/media?parent=278"}],"curies":[{"name":"wp","href":"https:\/\/api.w.org\/{rel}","templated":true}]}}