{"id":273,"date":"2014-06-30T15:05:36","date_gmt":"2014-06-30T14:05:36","guid":{"rendered":"http:\/\/shop.winckelmann-gesellschaft.com\/mitglieder\/produkt\/arnold-nesselrath-der-zeichner-und-sein-buch-die-darstellung-der-antiken-architektur-im-15-und-16-jahrhundert\/"},"modified":"2014-07-05T20:20:06","modified_gmt":"2014-07-05T19:20:06","slug":"arnold-nesselrath-der-zeichner-und-sein-buch-die-darstellung-der-antiken-architektur-im-15-und-16-jahrhundert","status":"publish","type":"product","link":"https:\/\/shop.winckelmann-gesellschaft.com\/mitglieder\/produkt\/arnold-nesselrath-der-zeichner-und-sein-buch-die-darstellung-der-antiken-architektur-im-15-und-16-jahrhundert\/","title":{"rendered":"Arnold Nesselrath, DER ZEICHNER UND SEIN BUCH. Die Darstellung der antiken Architektur im 15. und 16. Jahrhundert"},"content":{"rendered":"<p>Das Buch des Zeichners entfaltet ein unendliches Kaleidoskop k\u00fcnstlerischen Schaffens, das von der individuellen Inspiration bis zum intellektuellen Diskurs reicht. Weitaus zahlreicher erhalten als die Skizzen-, Notiz-, Entwurfs- oder kopierenden Zeichnungsb\u00fccher von ber\u00fchmten K\u00fcnstlern und Architekten wie Brunelleschi, Francesco di Giorgio Martini, Michelangelo, Raffael oder D\u00fcrer sind solche von heute nicht mehr zu identifizierenden Gehilfen, Mitarbeitern, Reinzeichnern, Kopisten und Kleinmeistern. In diesen finden sich jedoch oft Gedanken der Protagonisten oder spiegeln sich Diskurse eines weiteren Umfeldes. Die Vielfalt der Inhalte liegt in der Natur des Mediums Buch; h\u00e4ufig geht ein Thema \u00fcber eine einzelne Seite hinaus und entspinnt sich im Kontext der Folios und den Dimensionen des Codex. Die Zeichnungsb\u00fccher liefern eine der reichsten und differenziertesten Quellen zum Studium der antiken Bauten im 15. und 16. Jahrhundert, welches die Architektur jener Zeit bestimmt hat und bis in die Architektur der Gegenwart nachwirkt. Vom Sultan in Konstantinopel \u00fcber die K\u00fcnstler selbst bis zur franz\u00f6sischen K\u00f6nigin faszinierten Zeichnungsb\u00fccher als Geschenke die Spitzen in Gesellschaft, Politik und Kultur.<\/p>\n","protected":false},"excerpt":{"rendered":"<p>Cyriacus. Studien zur Rezeption der Antike. Band 5<br \/>\nVerlag Franz Philipp Rutzen Ruhpolding 2014.<br \/>\n224 Seiten und 274 Farbabbildungen, Format 21 x 30 cm, Klappenbroschur<br \/>\nISBN 3-447-10193-6<br \/>\n58,00 \u20ac (f\u00fcr Mitglieder: 30,00 \u20ac)<\/p>\n","protected":false},"featured_media":276,"comment_status":"open","ping_status":"closed","template":"","meta":[],"_links":{"self":[{"href":"https:\/\/shop.winckelmann-gesellschaft.com\/mitglieder\/wp-json\/wp\/v2\/product\/273"}],"collection":[{"href":"https:\/\/shop.winckelmann-gesellschaft.com\/mitglieder\/wp-json\/wp\/v2\/product"}],"about":[{"href":"https:\/\/shop.winckelmann-gesellschaft.com\/mitglieder\/wp-json\/wp\/v2\/types\/product"}],"replies":[{"embeddable":true,"href":"https:\/\/shop.winckelmann-gesellschaft.com\/mitglieder\/wp-json\/wp\/v2\/comments?post=273"}],"wp:featuredmedia":[{"embeddable":true,"href":"https:\/\/shop.winckelmann-gesellschaft.com\/mitglieder\/wp-json\/wp\/v2\/media\/276"}],"wp:attachment":[{"href":"https:\/\/shop.winckelmann-gesellschaft.com\/mitglieder\/wp-json\/wp\/v2\/media?parent=273"}],"curies":[{"name":"wp","href":"https:\/\/api.w.org\/{rel}","templated":true}]}}