{"id":258,"date":"2014-07-01T00:59:22","date_gmt":"2014-06-30T23:59:22","guid":{"rendered":"http:\/\/shop.winckelmann-gesellschaft.com\/mitglieder\/produkt\/ostereier-zwischen-kult-und-kunst\/"},"modified":"2014-07-05T21:21:03","modified_gmt":"2014-07-05T20:21:03","slug":"ostereier-zwischen-kult-und-kunst","status":"publish","type":"product","link":"https:\/\/shop.winckelmann-gesellschaft.com\/mitglieder\/produkt\/ostereier-zwischen-kult-und-kunst\/","title":{"rendered":"Ostereier zwischen Kult und Kunst"},"content":{"rendered":"<p>\u201eOstereier suchen, essen, niemand wird das jetzt vergessen. Doch sich selber mal zu finden, mit Geduld und mancher List, um dann schliesslich zu ergr\u00fcnden, ob man noch geniessbar ist, wie das jeder doch vergisst.\u201c<\/p>\n<p>236 Eier, ausgew\u00e4hlt aus den mehr als 3500 Ostereiern des Liechtensteiner Sammlers Adulf Peter Goop, laden ein in \u00fcber 30 L\u00e4nder von Liechtenstein, \u00d6sterreich, Deutschland, England, Frankreich, Russland bis nach Indien, Indonesien, China und Peru. Die kleinen Kostbarkeiten sind in verschiedenen Techniken (Wachsbatik, gekratzt, beklebt, getaucht, ziseliert, gebohrt, geschnitzt, emailliert, beschliffen) von K\u00fcnstlern und\/oder traditionell dekoriert und f\u00fchren die regional unterschiedlichen religi\u00f6sen Gebr\u00e4uche der Osterzeit vor Augen, magische Rituale mit Eiern, das Spiel mit Form und Farbe. \u201aNat\u00fcrliche\u2018 Eier von H\u00fchnern, Enten, G\u00e4nsen und Strau\u00dfen wechseln ab mit Eiern aus Porzellan, Silber, Kupfer, Holz, Glas, Vulkanasche, Papiermach\u00e9, Karton, Marmor und Keramik. Auf ihnen entfalten sich \u00f6sterliche Symbolik, biblische Begebenheiten, Bl\u00fctenpracht und exotische Tierwelt, europ\u00e4ische Landschaften, fern\u00f6stliche D\u00e4monen. Eier k\u00f6nnen als Uhren, Deckelgef\u00e4\u00dfe, Briefbeschwerer und Schubladenbeh\u00e4lter zu Gebrauchsgegenst\u00e4nden werden, dienen in der Weihnachtszeit als Baumschmuck und Krippe, haben menschliche Gesichter und regen immer wieder K\u00fcnstler zu \u00fcberraschenden Neusch\u00f6pfungen an. <\/p>\n","protected":false},"excerpt":{"rendered":"<p>(2014) 21 x 30 cm, 212 Seiten mit 260 Farbabbildungen, Klappenbroschur, 39.oo \u20ac ISBN 3-447-10183-0<br \/>\nPreis f\u00fcr Mitglieder 19,50 \u20ac<\/p>\n","protected":false},"featured_media":259,"comment_status":"open","ping_status":"closed","template":"","meta":[],"_links":{"self":[{"href":"https:\/\/shop.winckelmann-gesellschaft.com\/mitglieder\/wp-json\/wp\/v2\/product\/258"}],"collection":[{"href":"https:\/\/shop.winckelmann-gesellschaft.com\/mitglieder\/wp-json\/wp\/v2\/product"}],"about":[{"href":"https:\/\/shop.winckelmann-gesellschaft.com\/mitglieder\/wp-json\/wp\/v2\/types\/product"}],"replies":[{"embeddable":true,"href":"https:\/\/shop.winckelmann-gesellschaft.com\/mitglieder\/wp-json\/wp\/v2\/comments?post=258"}],"wp:featuredmedia":[{"embeddable":true,"href":"https:\/\/shop.winckelmann-gesellschaft.com\/mitglieder\/wp-json\/wp\/v2\/media\/259"}],"wp:attachment":[{"href":"https:\/\/shop.winckelmann-gesellschaft.com\/mitglieder\/wp-json\/wp\/v2\/media?parent=258"}],"curies":[{"name":"wp","href":"https:\/\/api.w.org\/{rel}","templated":true}]}}