{"id":25,"date":"2014-04-30T00:50:51","date_gmt":"2014-04-29T23:50:51","guid":{"rendered":"http:\/\/shop.winckelmann-gesellschaft.com\/mitglieder\/produkt\/italien-in-preussen-preussen-in-italien\/"},"modified":"2014-07-05T21:09:50","modified_gmt":"2014-07-05T20:09:50","slug":"italien-in-preussen-preussen-in-italien","status":"publish","type":"product","link":"https:\/\/shop.winckelmann-gesellschaft.com\/mitglieder\/produkt\/italien-in-preussen-preussen-in-italien\/","title":{"rendered":"Italien in Preu\u00dfen &#8211; Preu\u00dfen in Italien."},"content":{"rendered":"<p>Ein Kolloquium der Winckelmann-Gesellschaft, des Forschungszentrums Europ\u00e4ische Aufkl\u00e4rung und der Philosophischen Fakult\u00e4t der Universit\u00e4t Potsdam vom 25. Bis 27 Oktober 2002.<\/p>\n","protected":false},"excerpt":{"rendered":"<p>Schriften der Winckelmann-Gesellschaft, Bd. XXV<br \/>\nStendal 2006.<br \/>\nHrsg. von Max Kunze<br \/>\n353 S., 134 Abb.<br \/>\nISBN 3-910060-69-2<br \/>\n34 \u20ac (f\u00fcr Mitglieder: 17,00 \u20ac)<\/p>\n","protected":false},"featured_media":26,"comment_status":"open","ping_status":"closed","template":"","meta":[],"_links":{"self":[{"href":"https:\/\/shop.winckelmann-gesellschaft.com\/mitglieder\/wp-json\/wp\/v2\/product\/25"}],"collection":[{"href":"https:\/\/shop.winckelmann-gesellschaft.com\/mitglieder\/wp-json\/wp\/v2\/product"}],"about":[{"href":"https:\/\/shop.winckelmann-gesellschaft.com\/mitglieder\/wp-json\/wp\/v2\/types\/product"}],"replies":[{"embeddable":true,"href":"https:\/\/shop.winckelmann-gesellschaft.com\/mitglieder\/wp-json\/wp\/v2\/comments?post=25"}],"wp:featuredmedia":[{"embeddable":true,"href":"https:\/\/shop.winckelmann-gesellschaft.com\/mitglieder\/wp-json\/wp\/v2\/media\/26"}],"wp:attachment":[{"href":"https:\/\/shop.winckelmann-gesellschaft.com\/mitglieder\/wp-json\/wp\/v2\/media?parent=25"}],"curies":[{"name":"wp","href":"https:\/\/api.w.org\/{rel}","templated":true}]}}