{"id":207,"date":"2014-03-17T15:24:55","date_gmt":"2014-03-17T14:24:55","guid":{"rendered":"http:\/\/shop.winckelmann-gesellschaft.com\/mitglieder\/produkt\/schadow-in-rom-zeichnungen-von-johann-gottfried-schadow-aus-den-jahren-1785-bis-1787-kopieren-kopieren-kopieren\/"},"modified":"2014-07-05T20:23:37","modified_gmt":"2014-07-05T19:23:37","slug":"schadow-in-rom-zeichnungen-von-johann-gottfried-schadow-aus-den-jahren-1785-bis-1787-kopieren-kopieren-kopieren","status":"publish","type":"product","link":"https:\/\/shop.winckelmann-gesellschaft.com\/mitglieder\/produkt\/schadow-in-rom-zeichnungen-von-johann-gottfried-schadow-aus-den-jahren-1785-bis-1787-kopieren-kopieren-kopieren\/","title":{"rendered":"Zwischen Original und F\u00e4lschung. Zur Ambivalenz der Nachahmung in der Antikerezeption."},"content":{"rendered":"<p>Als vor mehr als 70 Jahren Max Wegner den New Yorker Kuros f\u00fcr eine F\u00e4lschung erkl\u00e4rte, hatte er v\u00f6llig recht mit der Variation von Carl Roberts Worten, dass man nach einer Generation die Imitation am Zeitstil erkennen werde, w\u00e4hrend sie dem in diesem befangenen Zeitgenossen verborgen bliebe. Dem New Yorker Kuros sieht man auch heute keine Falschheit an, gerade damit best\u00e4tigt die Grundansicht von unserer Bindung an den Zeitstil, die \u00e4hnlich auch von anderer Seite ge\u00e4u\u00dfert worden ist, seine Echtheit. Aber leider \u2013 oder besser zum Gl\u00fcck \u2013 beschr\u00e4nkt sich die Problematik nicht auf die einfache Frage: echt oder falsch? Der Band enth\u00e4lt die Vortr\u00e4ge der in Zusammenarbeit mit dem Deutschen Arch\u00e4ologenverband organisierten 5. Tagung des Stendaler Arbeitskreises zur Theorie und Geschichte der Kunstgeschichtsschreibung. Die Beitr\u00e4ge waren u.a. folgenden Themen gewidmet: der Kopie in der Sicht der griechischen Kunstschriftstellerei, Benvenuto Cellini, einer s\u00fcddeutschen Imperatoren-Galerie des 16. Jahrhunderts, Bildlampen aus Metall, zur Problematik von Fundortangaben r\u00f6mischer Bronzen aus dem sog. freien Germanien, Giovanni Battista Casanova und Winckelmann, Bartolomeo Cavaceppis &#8222;Cato&#8220;, Nachg\u00fcssen antiker Skulpturen aus Lauchhammer, dem sp\u00e4tklassizistischen Musenzyklus von Joseph Kleiber in der Albertina Wien, Johann Michael Kaufmann \u2013 Ein Beispiel antiker F\u00e4lschungen und deren Herkunft und Beispielen von F\u00e4lschungen antiker Sepulkralreliefs sowie Kopien, Variationen und Metamorphosen antiker Plastik in der Kunst der DDR.<\/p>\n","protected":false},"excerpt":{"rendered":"<p>Stendaler Arbeitskreis zur Geschichte<br \/>\nund Theorie der Kunstgeschichtsschreibung,<br \/>\nBand 5<br \/>\nHrsg. von Max Kunze<br \/>\nVerlag Franz Philipp Rutzen<br \/>\nRuhpolding und Mainz 2006<br \/>\n104 Seiten mit zahlreichen<br \/>\nAbbildungen.<br \/>\nISBN 3-9110060-72-2<br \/>\n20 Euro (f\u00fcr Mitglieder 12 Euro)<\/p>\n","protected":false},"featured_media":208,"comment_status":"open","ping_status":"closed","template":"","meta":[],"_links":{"self":[{"href":"https:\/\/shop.winckelmann-gesellschaft.com\/mitglieder\/wp-json\/wp\/v2\/product\/207"}],"collection":[{"href":"https:\/\/shop.winckelmann-gesellschaft.com\/mitglieder\/wp-json\/wp\/v2\/product"}],"about":[{"href":"https:\/\/shop.winckelmann-gesellschaft.com\/mitglieder\/wp-json\/wp\/v2\/types\/product"}],"replies":[{"embeddable":true,"href":"https:\/\/shop.winckelmann-gesellschaft.com\/mitglieder\/wp-json\/wp\/v2\/comments?post=207"}],"wp:featuredmedia":[{"embeddable":true,"href":"https:\/\/shop.winckelmann-gesellschaft.com\/mitglieder\/wp-json\/wp\/v2\/media\/208"}],"wp:attachment":[{"href":"https:\/\/shop.winckelmann-gesellschaft.com\/mitglieder\/wp-json\/wp\/v2\/media?parent=207"}],"curies":[{"name":"wp","href":"https:\/\/api.w.org\/{rel}","templated":true}]}}