{"id":205,"date":"2014-03-17T13:45:12","date_gmt":"2014-03-17T12:45:12","guid":{"rendered":"http:\/\/shop.winckelmann-gesellschaft.com\/mitglieder\/produkt\/schadow-in-rom-zeichnungen-von-johann-gottfried-schadow-aus-den-jahren-1785-bis-1787-kopieren-kopieren\/"},"modified":"2014-03-17T15:15:29","modified_gmt":"2014-03-17T14:15:29","slug":"schadow-in-rom-zeichnungen-von-johann-gottfried-schadow-aus-den-jahren-1785-bis-1787-kopieren-kopieren","status":"publish","type":"product","link":"https:\/\/shop.winckelmann-gesellschaft.com\/mitglieder\/produkt\/schadow-in-rom-zeichnungen-von-johann-gottfried-schadow-aus-den-jahren-1785-bis-1787-kopieren-kopieren\/","title":{"rendered":"FESTSCHRIFT F\u00dcR MAX KUNZE. Der Blick auf die antike Kunst von der Renaissance bis heute."},"content":{"rendered":"<p>Kolloquium der Winckelmann-Gesellschaft vom 8. \u2013 11. 10. 2009 in Berlin.<\/p>\n<p>Mit Beitr\u00e4gen von M. K\u00e4fer\/A. Rissler Die Linie \u00fcberwinden; V. Riedel \u201eWas k\u00f6mmt hier auf das selbst Sehen an?\u201c Zum Widerstreit des Antiquarischen und des \u00c4sthetischen bei Lessing; D. R\u00f6\u00dfler \u201eIm Ganzen mu\u00df die Natur der Kunst weichen\u201c Winckelmann und Christian Ludwig von Hagedorn; J. Dummer Die Ekphrasis als Quelle f\u00fcr Winckelmanns \u201eGeschichte der Kunst\u201c; T. Fr\u00f6hlich Winckelmann als Commissario delle Antichit\u00e0; S.-G. Bruer Heynes Arch\u00e4ologie-Vorlesung und die Schwierigkeiten der Veranschaulichung von Winckelmanns Kunsttheorie; A. H. Borbein \u00dcber die rechte Art, \u201adie Augen zu \u00f6ffnen\u2018: Karl Philipp Moritz zu Winckelmanns Statuenbeschreibungen; R. Johne Albrecht D\u00fcrer \u2013 \u201eDer Apelles unserer Zeit\u201c; V. Heenes Kartographische Darstellungen des Alten Rom im 16. Jh.; I. Herklotz Antonio Bosio und Carlo Bascap\u00e8 Reliquiensuche und Katakombenforschung im 17. Jh.; S. G. Schmid Zur Verbreitung und Aufnahme ,neuer\u2018 Bilder im Barock: Claude Lorrain und der h\u00e4ngende Marsyas; M. R. Hofter Die Antike im \u201aMassenmedium\u2018: Joseph Addison; M. Barbanera Die r\u00f6mischen Ruinen mit neuen Augen betrachten G. B. Piranesi und die Geburt der modernen Topographie; S. Pisani \u201aLuxusmarke\u2018 Pompeji; D. Zobel-Klein Die Rezeption der \u201aHerculaner\u2018 Musen in Stichwerken und bei Angelika Kauffmann \u2013 \u201edie gemalten Musen nebst dem Apollo, welche in dem zweyten Bande der Herculanischen Gem\u00e4lde gestochen sind\u201c; E. Hirsch Umschlagplatz Dessau-W\u00f6rlitz \u2013 Medium der Verbreitung Winckelmannschen Gedankenguts in Mitteleuropa; K. Parlasca Vom \u201eW\u00fcrfelhocker\u201c zum klassizistischen Porzellan \u2013 Ein \u00e4gyptisches Kunstwerk zwischen graphischer Kopie und Verballhornung; B. Schmitz Antikenrezeption aus \u201ezweiter Hand\u201c \u2013 Wie ein antiker Erot die klassizistische Grabmalsikonographie bereicherte; U. von Heinz Humboldts Gipse; A. Fendt Provisorium und Experiment \u2013 Gipserg\u00e4nzungen an antiken Statuen im 19. Jh.; H. Wrede Das Material und das Tr\u00e4nken klassischer Skulpturenabg\u00fcsse als mediale Probleme Preu\u00dfens, des Deutschen Reiches und der nordatlantischen Staaten; P. Weitmann Die Doppelprojektion \u2013 Von der Sichtbarmachung einer Kunstauffassung bis zum Untergang vor dem beamer; P. Arlt Prometheus in der Behindertent\u00f6pferei \u2013 Neue Medien und Antikerezeption in der Kunst des 20.\/21. Jahrhunderts; R. Reschke Apollon \u2013 Vom Olymp in den Pop- und Werbehimmel. Zur Karriere eines Gottes zwischen Medien, Kommerz und Alltagskultur; G. Seiterle Als Vermittler und Forscher \u2013 Die Frage nach eigenen hinterlassenen Spuren; C. Braun Zeitreise in die Antike. Zu den Erfahrungen mit der neuen Pr\u00e4sentation der Antikensammlung in den Reiss-Engelhorn-Museen; M. J. Klein Drusus d. \u00c4. und seine Denkm\u00e4ler in Publikationen des 16. \u2013 18. Jhs.; E.-J. Waschke Der biblische David als Leitfigur zur Deutung politischer Macht in der europ\u00e4ischen Geschichte; R. Patzschke Sech\u00edn Bajo, der \u00e4lteste Kultbau Perus.<\/p>\n","protected":false},"excerpt":{"rendered":"<p>Hrsg. von Stephanie-Gerrit Bruer und<br \/>\nDetlef R\u00f6\u00dfler<br \/>\nVerlag Franz Philipp Rutzen<br \/>\nRuhpolding und Mainz 2011<br \/>\n320 Seiten mit 262 Schwarzwei\u00dfabbildungen<br \/>\nund 1 Farbabbildung<br \/>\nISBN 3-447-06433-1<br \/>\n78,00 \u20ac (Preis f\u00fcr Mitglieder: 54,00 Euro)<\/p>\n","protected":false},"featured_media":206,"comment_status":"open","ping_status":"closed","template":"","meta":[],"_links":{"self":[{"href":"https:\/\/shop.winckelmann-gesellschaft.com\/mitglieder\/wp-json\/wp\/v2\/product\/205"}],"collection":[{"href":"https:\/\/shop.winckelmann-gesellschaft.com\/mitglieder\/wp-json\/wp\/v2\/product"}],"about":[{"href":"https:\/\/shop.winckelmann-gesellschaft.com\/mitglieder\/wp-json\/wp\/v2\/types\/product"}],"replies":[{"embeddable":true,"href":"https:\/\/shop.winckelmann-gesellschaft.com\/mitglieder\/wp-json\/wp\/v2\/comments?post=205"}],"wp:featuredmedia":[{"embeddable":true,"href":"https:\/\/shop.winckelmann-gesellschaft.com\/mitglieder\/wp-json\/wp\/v2\/media\/206"}],"wp:attachment":[{"href":"https:\/\/shop.winckelmann-gesellschaft.com\/mitglieder\/wp-json\/wp\/v2\/media?parent=205"}],"curies":[{"name":"wp","href":"https:\/\/api.w.org\/{rel}","templated":true}]}}