{"id":20,"date":"2014-06-30T13:50:15","date_gmt":"2014-06-30T12:50:15","guid":{"rendered":"http:\/\/shop.winckelmann-gesellschaft.com\/mitglieder\/produkt\/martin-disselkamp-nichts-ist-rom-dir-gleich-topographien-und-gegenbilder-aus-dem-mittelalterlichen-und-fruehneuzeitlichen-europa\/"},"modified":"2014-07-04T20:39:59","modified_gmt":"2014-07-04T19:39:59","slug":"martin-disselkamp-nichts-ist-rom-dir-gleich-topographien-und-gegenbilder-aus-dem-mittelalterlichen-und-fruehneuzeitlichen-europa","status":"publish","type":"product","link":"https:\/\/shop.winckelmann-gesellschaft.com\/mitglieder\/produkt\/martin-disselkamp-nichts-ist-rom-dir-gleich-topographien-und-gegenbilder-aus-dem-mittelalterlichen-und-fruehneuzeitlichen-europa\/","title":{"rendered":"Martin Disselkamp: \u201eNichts ist, Rom, dir gleich\u201c. Topographien und Gegenbilder aus dem mittelalterlichen und fr\u00fchneuzeitlichen Europa"},"content":{"rendered":"<p>Die Fr\u00fche Neuzeit war mit tief greifenden Umbr\u00fcchen konfrontiert. Auf der Suche nach Rettungsideen, die einen Ausweg aus den Wirren der Gegenwart versprachen, stie\u00dfen Gelehrte, Dichter, K\u00fcnstler und F\u00fcrsten auf das antike Rom, das nur noch in Gestalt von Fragmenten und Ruinen vorhanden war. In antiquarischen Beschreibungen wurde die Stadt als ordnungsstiftendes Vorbildmodell rekonstruiert, als stabiles Raumgef\u00fcge, das, vermessen und zu Papier gebracht, in der Lage sein sollte, der Willk\u00fcr der Zeit standzuhalten. Doch zusammen mit den Beschw\u00f6rungen intakter antiker Gr\u00f6\u00dfe entstanden auch Gegenbilder. Ihren Mittelpunkt bildet der Verdacht, dass Rom nicht wiederherzustellen sei, ja sogar die Ahnung, dass die Stadt nicht einmal als Vorbild tauge. Das Buch stellt die glanzvolle Seite wie die ruin\u00f6se unter Einschluss mittelalterlicher Rom-Entw\u00fcrfe in einer exemplarischen Reihe vor. Beide tragen zum Panorama einer zugleich selbstbewussten und verunsicherten Epoche bei.<\/p>\n","protected":false},"excerpt":{"rendered":"<p>Stendaler Winckelmann-Forschungen 10<br \/>\nVerlag Franz Philipp Rutzen<br \/>\nRuhpolding und Mainz und in Kommission<br \/>\nbei Harrassowitz Verlag, 2013.<br \/>\nHrsg. von Max Kunze<br \/>\n260 S., 62 Abb.<br \/>\nISBN 3-447-06869-7<br \/>\nEAN: 9783447068697<br \/>\n50 \u20ac (f\u00fcr Mitglieder: 30,00 \u20ac)<\/p>\n","protected":false},"featured_media":21,"comment_status":"open","ping_status":"closed","template":"","meta":[],"_links":{"self":[{"href":"https:\/\/shop.winckelmann-gesellschaft.com\/mitglieder\/wp-json\/wp\/v2\/product\/20"}],"collection":[{"href":"https:\/\/shop.winckelmann-gesellschaft.com\/mitglieder\/wp-json\/wp\/v2\/product"}],"about":[{"href":"https:\/\/shop.winckelmann-gesellschaft.com\/mitglieder\/wp-json\/wp\/v2\/types\/product"}],"replies":[{"embeddable":true,"href":"https:\/\/shop.winckelmann-gesellschaft.com\/mitglieder\/wp-json\/wp\/v2\/comments?post=20"}],"wp:featuredmedia":[{"embeddable":true,"href":"https:\/\/shop.winckelmann-gesellschaft.com\/mitglieder\/wp-json\/wp\/v2\/media\/21"}],"wp:attachment":[{"href":"https:\/\/shop.winckelmann-gesellschaft.com\/mitglieder\/wp-json\/wp\/v2\/media?parent=20"}],"curies":[{"name":"wp","href":"https:\/\/api.w.org\/{rel}","templated":true}]}}