{"id":195,"date":"2014-01-01T00:59:08","date_gmt":"2013-12-31T23:59:08","guid":{"rendered":"http:\/\/shop.winckelmann-gesellschaft.com\/mitglieder\/produkt\/wer-lebendlust-fuehlet-bertel-thorvaldsen-der-bildhauer-als-zeichner\/"},"modified":"2014-07-05T21:24:38","modified_gmt":"2014-07-05T20:24:38","slug":"wer-lebendlust-fuehlet-bertel-thorvaldsen-der-bildhauer-als-zeichner","status":"publish","type":"product","link":"https:\/\/shop.winckelmann-gesellschaft.com\/mitglieder\/produkt\/wer-lebendlust-fuehlet-bertel-thorvaldsen-der-bildhauer-als-zeichner\/","title":{"rendered":"\u201eWer Lebendlust f\u00fchlet &#8230;\u201c Bertel Thorvaldsen der Bildhauer als Zeichner"},"content":{"rendered":"<div id=\"idTextPanel\">\n<p>Erstmals werden in dem Katalog die Originalzeichnungen von Bertel Thorvaldsen, die er in den Sammlungen und Museen in Rom anfertigte, in einer Auswahl vorgestellt. Sie geh\u00f6ren zu den sch\u00f6nsten und interessantesten Beispielen der Zeichenkunst Thorvaldsens, die f\u00fcr sein plastisches Werk wesentlich wurde. Einige Zeichnungen werden zum ersten Mal publiziert.<\/p>\n<\/div>\n","protected":false},"excerpt":{"rendered":"<p>Bearbeitet von Margrethe Floryan, unter Mitwirkung von Laila Skj\u00f8thaug. Verlag Franz Philipp Rutzen Ruhpolding und Mainz, in Kommission bei Harrassowitz Verlag, 2011. Hrsg. von Max Kunze, 120 Seiten mit 81 Farb- und Schwarzwei\u00dfabbildungen.  ISBN 3-447-06662-8 EAN: 9783447066624 34 \u20ac (f\u00fcr Mitglieder: 17 \u20ac)<\/p>\n","protected":false},"featured_media":197,"comment_status":"open","ping_status":"closed","template":"","meta":[],"_links":{"self":[{"href":"https:\/\/shop.winckelmann-gesellschaft.com\/mitglieder\/wp-json\/wp\/v2\/product\/195"}],"collection":[{"href":"https:\/\/shop.winckelmann-gesellschaft.com\/mitglieder\/wp-json\/wp\/v2\/product"}],"about":[{"href":"https:\/\/shop.winckelmann-gesellschaft.com\/mitglieder\/wp-json\/wp\/v2\/types\/product"}],"replies":[{"embeddable":true,"href":"https:\/\/shop.winckelmann-gesellschaft.com\/mitglieder\/wp-json\/wp\/v2\/comments?post=195"}],"wp:featuredmedia":[{"embeddable":true,"href":"https:\/\/shop.winckelmann-gesellschaft.com\/mitglieder\/wp-json\/wp\/v2\/media\/197"}],"wp:attachment":[{"href":"https:\/\/shop.winckelmann-gesellschaft.com\/mitglieder\/wp-json\/wp\/v2\/media?parent=195"}],"curies":[{"name":"wp","href":"https:\/\/api.w.org\/{rel}","templated":true}]}}