{"id":194,"date":"2014-06-30T13:59:24","date_gmt":"2014-06-30T12:59:24","guid":{"rendered":"http:\/\/shop.winckelmann-gesellschaft.com\/mitglieder\/produkt\/hero-und-leander-ein-bemerkenswertes-gemaelde-von-william-turner\/"},"modified":"2014-07-05T21:21:33","modified_gmt":"2014-07-05T20:21:33","slug":"hero-und-leander-ein-bemerkenswertes-gemaelde-von-william-turner","status":"publish","type":"product","link":"https:\/\/shop.winckelmann-gesellschaft.com\/mitglieder\/produkt\/hero-und-leander-ein-bemerkenswertes-gemaelde-von-william-turner\/","title":{"rendered":"Hero und Leander &#8211; Ein bemerkenswertes Gem\u00e4lde von William Turner"},"content":{"rendered":"<p>Im Mittelpunkt der Ausstellung im Winckelmann-Museum und des vorliegenden Katalogs steht ein William Turner zugeschriebenes Gem\u00e4lde. Es stellt die beliebte und seit der Antike oft wieder aufgegriffene tragische Liebesgeschichte von \u201eHero und Leander\u201c dar. Im Auktionskatalog war es seinerzeit als \u201ePhantastische Szene bei Nacht\u201c bezeichnet worden. Die umfassende Restaurierung und Entfernung alter \u00dcbermalungen brachte einige \u00dcberraschungen zu Tage. Es ist spannend, den Weg \u00fcber die Restaurierung zur Aufdeckung der urspr\u00fcnglichen Fassung des Bildes bis zur Zuschreibung des Gem\u00e4ldes an William Turner nachzuvollziehen.<\/p>\n","protected":false},"excerpt":{"rendered":"<p>Text: Andreas Hillert.  Hrsg. von Max Kunze, Stendal 2013, 48 Seiten mit Farbabbildungen. ISBN 978-3-910060-88-9 19 \u20ac (f\u00fcr Mitglieder: 15 \u20ac)<\/p>\n","protected":false},"featured_media":198,"comment_status":"open","ping_status":"closed","template":"","meta":[],"_links":{"self":[{"href":"https:\/\/shop.winckelmann-gesellschaft.com\/mitglieder\/wp-json\/wp\/v2\/product\/194"}],"collection":[{"href":"https:\/\/shop.winckelmann-gesellschaft.com\/mitglieder\/wp-json\/wp\/v2\/product"}],"about":[{"href":"https:\/\/shop.winckelmann-gesellschaft.com\/mitglieder\/wp-json\/wp\/v2\/types\/product"}],"replies":[{"embeddable":true,"href":"https:\/\/shop.winckelmann-gesellschaft.com\/mitglieder\/wp-json\/wp\/v2\/comments?post=194"}],"wp:featuredmedia":[{"embeddable":true,"href":"https:\/\/shop.winckelmann-gesellschaft.com\/mitglieder\/wp-json\/wp\/v2\/media\/198"}],"wp:attachment":[{"href":"https:\/\/shop.winckelmann-gesellschaft.com\/mitglieder\/wp-json\/wp\/v2\/media?parent=194"}],"curies":[{"name":"wp","href":"https:\/\/api.w.org\/{rel}","templated":true}]}}