{"id":192,"date":"2014-01-01T01:02:06","date_gmt":"2014-01-01T00:02:06","guid":{"rendered":"http:\/\/shop.winckelmann-gesellschaft.com\/mitglieder\/produkt\/aegypten-nubien-und-die-cyrenaika-die-imaginaere-reise-des-norbert-bittner-1786-1851\/"},"modified":"2014-07-05T21:44:29","modified_gmt":"2014-07-05T20:44:29","slug":"aegypten-nubien-und-die-cyrenaika-die-imaginaere-reise-des-norbert-bittner-1786-1851","status":"publish","type":"product","link":"https:\/\/shop.winckelmann-gesellschaft.com\/mitglieder\/produkt\/aegypten-nubien-und-die-cyrenaika-die-imaginaere-reise-des-norbert-bittner-1786-1851\/","title":{"rendered":"\u00c4GYPTEN, NUBIEN UND DIE CYRENAIKA &#8211; Die imagin\u00e4re Reise des Norbert Bittner (1786\u20131851)"},"content":{"rendered":"<p>Ausgel\u00f6st von der \u00c4gypten-Expedition Napoleons zwischen 1798 und 1801 und den damit verbundenen Publikationen Denon (1802)  und der 22-b\u00e4ndigen Dokumentation \u201eD\u00e9scription de l\u00b4Egypte\u201c(1809\u20131828), wurde Europa von einer wahren \u201e\u00c4gyptomanie\u201c erfasst. In \u00d6sterreich stellen die heute im Kupferstichkabinett der Akademie der bildenden K\u00fcnste Wien aufbewahrten siebenundf\u00fcnfzig Aquarelle des Norbert Bittner die ersten Zeugen dieser \u00c4gyptenbegeisterung des Biedermeier und einen fr\u00fchen Beitrag zur Verbreitung der \u00e4gyptischen Monumente dar.<\/p>\n","protected":false},"excerpt":{"rendered":"<p>Verlag Franz Philipp Rutzen Ruhpolding und Mainz, in Kommission bei Harrassowitz Verlag, 2012. Hrsg. von Max Kunze, 144 Seiten mit 173 Farb- und Schwarzwei\u00dfabbildungen. ISBN 978-3-447-06692-X 34 \u20ac (f\u00fcr Mitglieder: 17 \u20ac)<\/p>\n","protected":false},"featured_media":200,"comment_status":"open","ping_status":"closed","template":"","meta":[],"_links":{"self":[{"href":"https:\/\/shop.winckelmann-gesellschaft.com\/mitglieder\/wp-json\/wp\/v2\/product\/192"}],"collection":[{"href":"https:\/\/shop.winckelmann-gesellschaft.com\/mitglieder\/wp-json\/wp\/v2\/product"}],"about":[{"href":"https:\/\/shop.winckelmann-gesellschaft.com\/mitglieder\/wp-json\/wp\/v2\/types\/product"}],"replies":[{"embeddable":true,"href":"https:\/\/shop.winckelmann-gesellschaft.com\/mitglieder\/wp-json\/wp\/v2\/comments?post=192"}],"wp:featuredmedia":[{"embeddable":true,"href":"https:\/\/shop.winckelmann-gesellschaft.com\/mitglieder\/wp-json\/wp\/v2\/media\/200"}],"wp:attachment":[{"href":"https:\/\/shop.winckelmann-gesellschaft.com\/mitglieder\/wp-json\/wp\/v2\/media?parent=192"}],"curies":[{"name":"wp","href":"https:\/\/api.w.org\/{rel}","templated":true}]}}