{"id":191,"date":"2014-06-30T13:58:51","date_gmt":"2014-06-30T12:58:51","guid":{"rendered":"http:\/\/shop.winckelmann-gesellschaft.com\/mitglieder\/produkt\/vorsicht-lebensgefahr-sirenen-nixen-meerjungfrauen-in-der-kunst-seit-der-antike\/"},"modified":"2014-07-05T21:22:28","modified_gmt":"2014-07-05T20:22:28","slug":"vorsicht-lebensgefahr-sirenen-nixen-meerjungfrauen-in-der-kunst-seit-der-antike","status":"publish","type":"product","link":"https:\/\/shop.winckelmann-gesellschaft.com\/mitglieder\/produkt\/vorsicht-lebensgefahr-sirenen-nixen-meerjungfrauen-in-der-kunst-seit-der-antike\/","title":{"rendered":"Vorsicht Lebensgefahr! Sirenen, Nixen, Meerjungfrauen in der Kunst seit der Antike"},"content":{"rendered":"<p>Odysseus wurde nur mit Hilfe der zauberkundigen G\u00f6ttin Kirke nicht zum Opfer der Sirenen: Am Mast festgebunden fuhr er, dank der schnellen Ruderschl\u00e4ge seiner Gef\u00e4hrten, an ihrer Insel vorbei und h\u00f6rte nur die Ank\u00fcndigung ihres Lieds, das ihm schmeichelte und vom Trojanischen Krieg erz\u00e4hlen wollte. Obgleich er selbst vor Troja gek\u00e4mpft hatte, war er so fasziniert, dass er sich losrei\u00dfen wollte, um mehr zu h\u00f6ren. Realer Hintergrund des Mythos waren gef\u00e4hrliche Seewege ins Schwarze Meer und nach S\u00fcditalien. Nach diesem Vorbild entstand im 19. Jh. die Sage von der Loreley.<br \/>\nIn der griechischen Kunst sind Sirenen Vogelwesen mit menschlichen K\u00f6pfen und Vogelk\u00f6rpern oder Frauen mit Vogelf\u00fc\u00dfen und -fl\u00fcgeln. Im Mythos waren sie einst junge M\u00e4dchen, die nicht verhindern konnten, dass Persephone vom Unterweltsgott Hades geraubt wurde. Deren Mutter, die Getreideg\u00f6ttin Demeter verfluchte sie deswegen, solange auf ihrer Insel Seefahrer in den Tod zu locken, bis ihr Anschlag missgl\u00fcckt. Nach dem Entkommen des Odysseus ist ihr Aufenthaltsort die Unterwelt und sie werden hilfreiche D\u00e4moninnen auf dem Weg ins Jenseits und bei der Totenklage, wie Grabdenkm\u00e4ler verraten. Der Kontrast von menschlichen und tierischen K\u00f6rperteilen forderte \u00fcber Jahrhunderte Kunsthandwerker und K\u00fcnstler heraus: Der d\u00e4monisch-g\u00f6ttliche Charakter wird in der Neuzeit zur erotisch-weiblichen Bedrohung, zum Sinnbild von Verf\u00fchrung und leidenschaftlicher Liebe, zum Gegenbild der b\u00fcrgerlichen Ehefrau.<\/p>\n","protected":false},"excerpt":{"rendered":"<p>Texte: Eva Hofstetter, Udo Reinhardt u.a. Verlag Franz Philipp Rutzen Ruhpolding und Mainz und in Kommission bei Harrassowitz Verlag, 2013. Hrsg. von Max Kunze, 112 Seiten mit 136 Farbabbildungen. ISBN 978-3-447-10064-9 29,50 \u20ac (f\u00fcr Mitglieder: 14,50 \u20ac)<\/p>\n","protected":false},"featured_media":201,"comment_status":"open","ping_status":"closed","template":"","meta":[],"_links":{"self":[{"href":"https:\/\/shop.winckelmann-gesellschaft.com\/mitglieder\/wp-json\/wp\/v2\/product\/191"}],"collection":[{"href":"https:\/\/shop.winckelmann-gesellschaft.com\/mitglieder\/wp-json\/wp\/v2\/product"}],"about":[{"href":"https:\/\/shop.winckelmann-gesellschaft.com\/mitglieder\/wp-json\/wp\/v2\/types\/product"}],"replies":[{"embeddable":true,"href":"https:\/\/shop.winckelmann-gesellschaft.com\/mitglieder\/wp-json\/wp\/v2\/comments?post=191"}],"wp:featuredmedia":[{"embeddable":true,"href":"https:\/\/shop.winckelmann-gesellschaft.com\/mitglieder\/wp-json\/wp\/v2\/media\/201"}],"wp:attachment":[{"href":"https:\/\/shop.winckelmann-gesellschaft.com\/mitglieder\/wp-json\/wp\/v2\/media?parent=191"}],"curies":[{"name":"wp","href":"https:\/\/api.w.org\/{rel}","templated":true}]}}