{"id":188,"date":"2014-01-01T01:04:39","date_gmt":"2014-01-01T00:04:39","guid":{"rendered":"http:\/\/shop.winckelmann-gesellschaft.com\/mitglieder\/produkt\/karl-friedrich-schinkel-architekturentwuerfe-fuer-ein-denkmal-friedrich-ii\/"},"modified":"2014-07-05T21:23:28","modified_gmt":"2014-07-05T20:23:28","slug":"karl-friedrich-schinkel-architekturentwuerfe-fuer-ein-denkmal-friedrich-ii","status":"publish","type":"product","link":"https:\/\/shop.winckelmann-gesellschaft.com\/mitglieder\/produkt\/karl-friedrich-schinkel-architekturentwuerfe-fuer-ein-denkmal-friedrich-ii\/","title":{"rendered":"Karl Friedrich Schinkel Architekturentw\u00fcrfe f\u00fcr ein Denkmal Friedrich II."},"content":{"rendered":"<p>1829 bat K\u00f6nig Friedrich Wilhelm III. Karl Friedrich Schinkel (1781\u20131841) um einen Entwurf f\u00fcr ein Friedrichdenkmal in Form einer \u201etrajanischen S\u00e4ule\u201c. Sie sollte auf dem \u201eForum Friedericianum\u201c gegen\u00fcber der Universit\u00e4t errichtet werden. Schinkel stand der Idee skeptisch gegen\u00fcber und schlug drei weitere Varianten vor. Doch keiner dieser Entw\u00fcrfe wurde umgesetzt. Stattdessen wurde 1839 ein Reiterstandbild Friedrichs II. von Christian Daniel Rauch Unter den Linden aufgestellt, f\u00fcr das Schinkel den Sockel entwarf.<\/p>\n","protected":false},"excerpt":{"rendered":"<p>Text: Christa Heese. Hrsg. von Max Kunze, Stendal 2012, 24 Seiten mit 12 Farbabbildungen. ISBN 978-3- 3-910060-86-2 9,80 \u20ac (f\u00fcr Mitglieder: 6,50 \u20ac)<\/p>\n","protected":false},"featured_media":196,"comment_status":"open","ping_status":"closed","template":"","meta":[],"_links":{"self":[{"href":"https:\/\/shop.winckelmann-gesellschaft.com\/mitglieder\/wp-json\/wp\/v2\/product\/188"}],"collection":[{"href":"https:\/\/shop.winckelmann-gesellschaft.com\/mitglieder\/wp-json\/wp\/v2\/product"}],"about":[{"href":"https:\/\/shop.winckelmann-gesellschaft.com\/mitglieder\/wp-json\/wp\/v2\/types\/product"}],"replies":[{"embeddable":true,"href":"https:\/\/shop.winckelmann-gesellschaft.com\/mitglieder\/wp-json\/wp\/v2\/comments?post=188"}],"wp:featuredmedia":[{"embeddable":true,"href":"https:\/\/shop.winckelmann-gesellschaft.com\/mitglieder\/wp-json\/wp\/v2\/media\/196"}],"wp:attachment":[{"href":"https:\/\/shop.winckelmann-gesellschaft.com\/mitglieder\/wp-json\/wp\/v2\/media?parent=188"}],"curies":[{"name":"wp","href":"https:\/\/api.w.org\/{rel}","templated":true}]}}