{"id":185,"date":"2014-01-01T00:36:30","date_gmt":"2013-12-31T23:36:30","guid":{"rendered":"http:\/\/shop.winckelmann-gesellschaft.com\/mitglieder\/produkt\/ost-westlicher-ikarus-ein-mythos-im-geteilten-deutschland\/"},"modified":"2014-07-05T21:37:30","modified_gmt":"2014-07-05T20:37:30","slug":"ost-westlicher-ikarus-ein-mythos-im-geteilten-deutschland","status":"publish","type":"product","link":"https:\/\/shop.winckelmann-gesellschaft.com\/mitglieder\/produkt\/ost-westlicher-ikarus-ein-mythos-im-geteilten-deutschland\/","title":{"rendered":"Ost-Westlicher Ikarus. Ein Mythos im geteilten Deutschland."},"content":{"rendered":"<p>Der r\u00f6mische Dichter Ovid (43 v. Chr. \u2013 um 18 n. Chr.) berichtet in seinen &#8222;Metamorphosen&#8220; von Fl\u00fcgeln, die der Bildhauer und Erfinder D\u00e4dalus fertigte, um zusammen mit seinem Sohn Ikarus von Kreta zu fliehen; f\u00fcr Ikarus, der die Mahnungen des Vaters ignorierte, weder der See noch der Sonne zu nahe zu kommen, endete die Flucht mit dem t\u00f6dlichen Absturz ins Meer.<br \/>\nDer griechische Mythos von Ikarus steht noch heute f\u00fcr gegens\u00e4tzliche Sinnbilder und Metaphern: f\u00fcr Wagemut und Erfindergeist des Menschen, f\u00fcr technischen Fortschritt \u2013 umgekehrt aber<br \/>\nauch f\u00fcr die Folgen eines unreflektierten Fortschrittsoptimismus. Er dient als fruchtbare Bildfindung zur Selbsterfahrung des K\u00fcnstlers und zur Konkretisierung unaufhebbarer Antagonismen. Die Ausstellung versucht im historischen R\u00fcckblick, die unterschiedlichen Rezeptionsweisen des Mythos im geteilten Deutschland herauszustellen, der hier wie dort als Metapher f\u00fcr die in den politischen Zust\u00e4nden der Zeit liegenden Ideologien und Widerspr\u00fcche eingesetzt wurde und der \u00fcberdies auch als Hintergrundfolie der Visualisierung eigener Utopien oder kritischer Reflexion diente. Auch j\u00fcngste, nach 1990 im vereinten Deutschland entstandene Arbeiten sind vertreten und belegen die neue, durchaus zeittypische Aktualit\u00e4t des Mythos, f\u00fcr die etwa die Verarbeitung der Ereignisse des 11. September steht. Nahezu 100 K\u00fcnstler aus Ost und West sind mit ihren Werken in der Ausstellung vertreten.<\/p>\n","protected":false},"excerpt":{"rendered":"<p>Hrsg. von Max Kunze.<br \/>\nStendal 2004<br \/>\n240 Seiten mit 241 \u00fcberwiegend farbigen<br \/>\nAbbildungen.<br \/>\nISBN 3-910060-56-0<br \/>\n5,50 Euro (f\u00fcr Mitglieder 3,00 Euro)<\/p>\n","protected":false},"featured_media":186,"comment_status":"open","ping_status":"closed","template":"","meta":[],"_links":{"self":[{"href":"https:\/\/shop.winckelmann-gesellschaft.com\/mitglieder\/wp-json\/wp\/v2\/product\/185"}],"collection":[{"href":"https:\/\/shop.winckelmann-gesellschaft.com\/mitglieder\/wp-json\/wp\/v2\/product"}],"about":[{"href":"https:\/\/shop.winckelmann-gesellschaft.com\/mitglieder\/wp-json\/wp\/v2\/types\/product"}],"replies":[{"embeddable":true,"href":"https:\/\/shop.winckelmann-gesellschaft.com\/mitglieder\/wp-json\/wp\/v2\/comments?post=185"}],"wp:featuredmedia":[{"embeddable":true,"href":"https:\/\/shop.winckelmann-gesellschaft.com\/mitglieder\/wp-json\/wp\/v2\/media\/186"}],"wp:attachment":[{"href":"https:\/\/shop.winckelmann-gesellschaft.com\/mitglieder\/wp-json\/wp\/v2\/media?parent=185"}],"curies":[{"name":"wp","href":"https:\/\/api.w.org\/{rel}","templated":true}]}}