{"id":181,"date":"2014-01-01T00:38:06","date_gmt":"2013-12-31T23:38:06","guid":{"rendered":"http:\/\/shop.winckelmann-gesellschaft.com\/mitglieder\/produkt\/augen-unterwegs-reisebilder-aquarelle-und-zeichnungen-von-georg-dehio\/"},"modified":"2014-07-05T21:39:09","modified_gmt":"2014-07-05T20:39:09","slug":"augen-unterwegs-reisebilder-aquarelle-und-zeichnungen-von-georg-dehio","status":"publish","type":"product","link":"https:\/\/shop.winckelmann-gesellschaft.com\/mitglieder\/produkt\/augen-unterwegs-reisebilder-aquarelle-und-zeichnungen-von-georg-dehio\/","title":{"rendered":"AUGEN UNTERWEGS. Reisebilder, Aquarelle und Zeichnungen von Georg Dehio."},"content":{"rendered":"<p>Eine Ausstellung des Winckelmann-Museums Stendal 13. M\u00e4rz 2005-8. Mai 2005.<\/p>\n<p>&#8222;Augen Unterwegs \u2013 Aquarelle und Zeichnungen von Georg Dehio&#8220; zeigt einen Querschnitt der k\u00fcnstlerischen Arbeiten des f\u00fcr das &#8222;Handbuch der deutschen Kunstdenkm\u00e4ler&#8220; bekannten Kunsthistorikers<br \/>\n(1850\u20131932). Das Katalogbuch zur Ausstellung macht erstmalig die enge Verzahnung zwischen Dehios wissenschaftlicher und k\u00fcnstlerischer T\u00e4tigkeit deutlich. Anhand der h\u00e4ufig exakt datierten Zeichnungen und Aquarelle werden Dehios Reisewege wieder erlebbar. Sp\u00e4tere Bl\u00e4tter verzichten dann fast vollst\u00e4ndig auf jede dokumentarische Funktion, sie zeigen einen vom Impressionismus beeinflussten Sp\u00e4tromantiker und seinen Sinn f\u00fcr das Licht der s\u00fcdlichen Landschaft. Bei aller kunstwissenschaftlichen T\u00e4tigkeit versagte sich Dehio nicht dem &#8222;stilvollen Bummeln&#8220;, \u2013 der Kunsthistoriker ist einer der klassischen Flaneure der Belle Epoque.<\/p>\n","protected":false},"excerpt":{"rendered":"<p>Hrsg. von Max Kunze mit Beitr\u00e4gen<br \/>\nvon Peter Betthausen, Peter H. Feist<br \/>\nund Axel R\u00fcgler.<br \/>\nVerlag Franz Philipp Rutzen Ruhpolding<br \/>\nund Mainz 2005<br \/>\n84 Seiten, mit 27 Farb- und 40<br \/>\nSchwarzwei\u00dfabbildungen.<br \/>\nISBN 3-938646-00-4<br \/>\n30 Euro (f\u00fcr Mitglieder 17,50 Euro)<\/p>\n","protected":false},"featured_media":182,"comment_status":"open","ping_status":"closed","template":"","meta":[],"_links":{"self":[{"href":"https:\/\/shop.winckelmann-gesellschaft.com\/mitglieder\/wp-json\/wp\/v2\/product\/181"}],"collection":[{"href":"https:\/\/shop.winckelmann-gesellschaft.com\/mitglieder\/wp-json\/wp\/v2\/product"}],"about":[{"href":"https:\/\/shop.winckelmann-gesellschaft.com\/mitglieder\/wp-json\/wp\/v2\/types\/product"}],"replies":[{"embeddable":true,"href":"https:\/\/shop.winckelmann-gesellschaft.com\/mitglieder\/wp-json\/wp\/v2\/comments?post=181"}],"wp:featuredmedia":[{"embeddable":true,"href":"https:\/\/shop.winckelmann-gesellschaft.com\/mitglieder\/wp-json\/wp\/v2\/media\/182"}],"wp:attachment":[{"href":"https:\/\/shop.winckelmann-gesellschaft.com\/mitglieder\/wp-json\/wp\/v2\/media?parent=181"}],"curies":[{"name":"wp","href":"https:\/\/api.w.org\/{rel}","templated":true}]}}