{"id":18,"date":"2014-05-02T00:55:57","date_gmt":"2014-05-01T23:55:57","guid":{"rendered":"http:\/\/shop.winckelmann-gesellschaft.com\/mitglieder\/produkt\/maria-wiggen-die-laokoon-gruppe-archaeologische-rekonstruktionen-und-kuenstlerische-ergaenzungen\/"},"modified":"2014-07-04T20:40:38","modified_gmt":"2014-07-04T19:40:38","slug":"maria-wiggen-die-laokoon-gruppe-archaeologische-rekonstruktionen-und-kuenstlerische-ergaenzungen","status":"publish","type":"product","link":"https:\/\/shop.winckelmann-gesellschaft.com\/mitglieder\/produkt\/maria-wiggen-die-laokoon-gruppe-archaeologische-rekonstruktionen-und-kuenstlerische-ergaenzungen\/","title":{"rendered":"Maria Wiggen: Die Laokoon-Gruppe. Arch\u00e4ologische Rekonstruktionen und k\u00fcnstlerische Erg\u00e4nzungen."},"content":{"rendered":"<p>Die Laokoon-Gruppe hat seit ihrer Auffindung in Rom 1506 auf Betrachter eine gro\u00dfe Faszination ausge\u00fcbt. Zeugnis einer Art der Besch\u00e4ftigung sind die hier behandelten Rekonstruktionen und Erg\u00e4nzungen. Sie stammen von Arch\u00e4ologen, K\u00fcnstlern und Restauratoren, die an dem materiellen Bestand der Laokoon-Gruppe ankn\u00fcpfen und verlorene antike Teile erg\u00e4nzen. Hierbei wird die Idee zur Vervollst\u00e4ndigung der fragmentarisch \u00fcberlieferten antiken Marmorgruppe in unterschiedlichen Formen und Medien gegenst\u00e4ndlich umgesetzt, zweidimensional als eine Zeichnung auf dem Papier, dreidimensional als eine rundplastische Gipserg\u00e4nzung an einem Abguss oder gar am antiken Original selbst. Letztere Rekonstruktionen und Erg\u00e4nzungen weisen eine ganz besondere Qualit\u00e4t auf, insofern sie in direktem Kontakt mit der originalen Substanz und Konzeption der Laokoon-Gruppe stehen. Sie stellen somit, jede f\u00fcr sich, einen einmaligen konkreten Eingriff in die Autonomie des antiken Kunstwerks dar mit teils weitreichenden Konsequenzen. Im Buch werden die Folgen, die sich daraus f\u00fcr die Interpretation der Laokoon-Gruppe und ihre Beurteilung in der modernen Wissenschaft ergeben, ausf\u00fchrlich behandelt, ebenso wie die unterschiedliche Vorgehensweise der Arch\u00e4ologen und K\u00fcnstler\/Restauratoren bei der Antikenerg\u00e4nzung, denen der Leser gewisserma\u00dfen bei ihrer Arbeit am antiken Original einen Blick \u00fcber die Schulter werfen kann.<\/p>\n","protected":false},"excerpt":{"rendered":"<p>Stendaler Winckelmann-Forschungen 9<br \/>\nVerlag Franz Philipp Rutzen<br \/>\nRuhpolding und Mainz 2011.<br \/>\nHrsg. von Max Kunze<br \/>\n324 S., 154 Schwarzwei\u00dfabb., Beilage 1\u20133<br \/>\nISBN 3-447-06463-3<br \/>\nEAN: 9783447064637<br \/>\n58 \u20ac (f\u00fcr Mitglieder: 35,00 \u20ac)<\/p>\n","protected":false},"featured_media":19,"comment_status":"open","ping_status":"closed","template":"","meta":[],"_links":{"self":[{"href":"https:\/\/shop.winckelmann-gesellschaft.com\/mitglieder\/wp-json\/wp\/v2\/product\/18"}],"collection":[{"href":"https:\/\/shop.winckelmann-gesellschaft.com\/mitglieder\/wp-json\/wp\/v2\/product"}],"about":[{"href":"https:\/\/shop.winckelmann-gesellschaft.com\/mitglieder\/wp-json\/wp\/v2\/types\/product"}],"replies":[{"embeddable":true,"href":"https:\/\/shop.winckelmann-gesellschaft.com\/mitglieder\/wp-json\/wp\/v2\/comments?post=18"}],"wp:featuredmedia":[{"embeddable":true,"href":"https:\/\/shop.winckelmann-gesellschaft.com\/mitglieder\/wp-json\/wp\/v2\/media\/19"}],"wp:attachment":[{"href":"https:\/\/shop.winckelmann-gesellschaft.com\/mitglieder\/wp-json\/wp\/v2\/media?parent=18"}],"curies":[{"name":"wp","href":"https:\/\/api.w.org\/{rel}","templated":true}]}}