{"id":177,"date":"2014-01-01T00:37:42","date_gmt":"2013-12-31T23:37:42","guid":{"rendered":"http:\/\/shop.winckelmann-gesellschaft.com\/mitglieder\/produkt\/eva-hofstetter-dolega-gebrannt-verbrannt-zurueckgebrannt-die-vasensammlung-des-magdeburger-kulturhistorischen-museums\/"},"modified":"2014-07-05T21:38:08","modified_gmt":"2014-07-05T20:38:08","slug":"eva-hofstetter-dolega-gebrannt-verbrannt-zurueckgebrannt-die-vasensammlung-des-magdeburger-kulturhistorischen-museums","status":"publish","type":"product","link":"https:\/\/shop.winckelmann-gesellschaft.com\/mitglieder\/produkt\/eva-hofstetter-dolega-gebrannt-verbrannt-zurueckgebrannt-die-vasensammlung-des-magdeburger-kulturhistorischen-museums\/","title":{"rendered":"Eva Hofstetter-Dolega: Gebrannt \u2013 Verbrannt \u2013 Zur\u00fcckgebrannt. Die Vasensammlung des Magdeburger Kulturhistorischen Museums."},"content":{"rendered":"<p>Nahezu in Vergessenheit geraten ist die einst prachtvolle Sammlung antiker Vasen des Kulturhistorischen Museums Magdeburg. Im September des Jahres 1942 war sie, verpackt in Holzkisten, in einen Schacht des Salzbergwerkes bei Neusta\u00dffurt ausgelagert worden, der in den Wirren des Kriegsendes durch Brand zerst\u00f6rt wurde. Die Holzkisten waren ein Opfer der Flammen geworden, die Gef\u00e4\u00dfe zerscherbt, Pl\u00fcnderungen hatten ein \u00fcbriges getan. Den Mitarbeitern des Kulturhistorischen Museums Magdeburg bot sich ein Bild der Zerst\u00f6rung. Dank eines modernen Restaurierungsverfahrens konnten im Rahmen eines dreij\u00e4hrigen Restaurierungs- und Forschungsprojektes der Winckelmann-Gesellschaft die zerscherbten Fragmente durch R\u00fcckbrand in ihrer urspr\u00fcnglichen Farbe wiederhergestellt und danach neu zusammengef\u00fcgt werden. Die Ausstellung und der begleitende Katalog pr\u00e4sentieren nunmehr erstmals diese bislang gleichsam unbekannte und der arch\u00e4ologischen Forschung nicht zug\u00e4ngliche<br \/>\nSammlung von 60 antiken Vasen \u2013 unter denen eine Reihe ganz exquisiter Gef\u00e4\u00dfe auszumachen ist \u2013 der \u00d6ffentlichkeit.<\/p>\n","protected":false},"excerpt":{"rendered":"<p>Stendal 2004<br \/>\n96 Seiten mit 11 Schwarzwei\u00df- und<br \/>\n109 Farbabbildungen.<br \/>\nISBN 3-910060-60-9<br \/>\n10,50 Euro (f\u00fcr Mitglieder 3,50 Euro)<\/p>\n","protected":false},"featured_media":178,"comment_status":"open","ping_status":"closed","template":"","meta":[],"_links":{"self":[{"href":"https:\/\/shop.winckelmann-gesellschaft.com\/mitglieder\/wp-json\/wp\/v2\/product\/177"}],"collection":[{"href":"https:\/\/shop.winckelmann-gesellschaft.com\/mitglieder\/wp-json\/wp\/v2\/product"}],"about":[{"href":"https:\/\/shop.winckelmann-gesellschaft.com\/mitglieder\/wp-json\/wp\/v2\/types\/product"}],"replies":[{"embeddable":true,"href":"https:\/\/shop.winckelmann-gesellschaft.com\/mitglieder\/wp-json\/wp\/v2\/comments?post=177"}],"wp:featuredmedia":[{"embeddable":true,"href":"https:\/\/shop.winckelmann-gesellschaft.com\/mitglieder\/wp-json\/wp\/v2\/media\/178"}],"wp:attachment":[{"href":"https:\/\/shop.winckelmann-gesellschaft.com\/mitglieder\/wp-json\/wp\/v2\/media?parent=177"}],"curies":[{"name":"wp","href":"https:\/\/api.w.org\/{rel}","templated":true}]}}