{"id":175,"date":"2014-01-01T00:34:47","date_gmt":"2013-12-31T23:34:47","guid":{"rendered":"http:\/\/shop.winckelmann-gesellschaft.com\/mitglieder\/produkt\/homo-ludens-der-spielende-mensch\/"},"modified":"2014-07-05T21:37:46","modified_gmt":"2014-07-05T20:37:46","slug":"homo-ludens-der-spielende-mensch","status":"publish","type":"product","link":"https:\/\/shop.winckelmann-gesellschaft.com\/mitglieder\/produkt\/homo-ludens-der-spielende-mensch\/","title":{"rendered":"Homo ludens. Der spielende Mensch."},"content":{"rendered":"<p>Sechs deutsche Museen starteten im November 2003 unter der \u00c4gide des Arbeitskreises selbst\u00e4ndiger Kulturinstitute der Bundesrepublik Deutschland eine Gemeinschaftsausstellung rund um das Spiel. &#8222;Dabei sollten kulturhistorische Aspekte des Themas von der Antike bis heute dargestellt werden. &#8230; Die Ausstellungsreihe in Kassel, D\u00fcsseldorf, Stendal, Bremen, Ulm und Oberwiederstedt stand<br \/>\nunter dem Titel Homo ludens \u2013 Der spielende Mensch&#8220;. (Westdeutsche Zeitung Nov. 2003) Die Ausstellung im Winckelmann-Museum, die Agnes Kunze konzipierte und f\u00fcr die sie den Beitrag f\u00fcr den Katalog verfa\u00dfte, hatte sich dem Thema &#8222;Von Troja nach Rom oder vom Spielen im Krieg und vom Krieg im Spiel&#8220; gewidmet. Am Beispiel Trojas wird deutlich, wie das Spiel im Spannungsfeld vom Kampf, Krieg und Macht entstanden ist. Der kulturgeschichtliche Faden reicht dabei von den Leichenspielen f\u00fcr gefallene Feldherren vor Troja bis hin zu den Gladiatorenspielen, den TROJASPIELEN<br \/>\nr\u00f6mischer Zeit und ihren Nachwirkungen im Mittelalter und in der Neuzeit.<\/p>\n","protected":false},"excerpt":{"rendered":"<p>Hrsg. von Volkmar Hansen und<br \/>\nSabine Jung im Auftrag des AsKI<br \/>\nBonn 2003<br \/>\n128 Seiten mit zahlreichen<br \/>\nAbbildungen.<br \/>\nISBN 3-930370-07-7<br \/>\n4,50 Euro (f\u00fcr Mitglieder 3,50 Euro)<\/p>\n","protected":false},"featured_media":176,"comment_status":"open","ping_status":"closed","template":"","meta":[],"_links":{"self":[{"href":"https:\/\/shop.winckelmann-gesellschaft.com\/mitglieder\/wp-json\/wp\/v2\/product\/175"}],"collection":[{"href":"https:\/\/shop.winckelmann-gesellschaft.com\/mitglieder\/wp-json\/wp\/v2\/product"}],"about":[{"href":"https:\/\/shop.winckelmann-gesellschaft.com\/mitglieder\/wp-json\/wp\/v2\/types\/product"}],"replies":[{"embeddable":true,"href":"https:\/\/shop.winckelmann-gesellschaft.com\/mitglieder\/wp-json\/wp\/v2\/comments?post=175"}],"wp:featuredmedia":[{"embeddable":true,"href":"https:\/\/shop.winckelmann-gesellschaft.com\/mitglieder\/wp-json\/wp\/v2\/media\/176"}],"wp:attachment":[{"href":"https:\/\/shop.winckelmann-gesellschaft.com\/mitglieder\/wp-json\/wp\/v2\/media?parent=175"}],"curies":[{"name":"wp","href":"https:\/\/api.w.org\/{rel}","templated":true}]}}