{"id":171,"date":"2014-01-01T00:42:51","date_gmt":"2013-12-31T23:42:51","guid":{"rendered":"http:\/\/shop.winckelmann-gesellschaft.com\/mitglieder\/produkt\/antiken-in-stendal-aus-den-sammlungen-der-winckelmann-gesellschaft-band-3\/"},"modified":"2014-07-05T21:40:13","modified_gmt":"2014-07-05T20:40:13","slug":"antiken-in-stendal-aus-den-sammlungen-der-winckelmann-gesellschaft-band-3","status":"publish","type":"product","link":"https:\/\/shop.winckelmann-gesellschaft.com\/mitglieder\/produkt\/antiken-in-stendal-aus-den-sammlungen-der-winckelmann-gesellschaft-band-3\/","title":{"rendered":"ANTIKEN IN STENDAL. Aus den Sammlungen der Winckelmann-Gesellschaft Band 3."},"content":{"rendered":"<p>Nahezu unbekannt ist bisher die Antikensammlung der Winckelmann-Gesellschaft und des Winckelmann-Museums, die sich im Geburtshaus des Begr\u00fcnders der Klassischen Arch\u00e4ologie befindet. Die Sammlung umfa\u00dft heute neben wenigen Plastiken vor allem griechische Vasen, Terrakotten, Bronzen und Gebrauchsgegenst\u00e4nde verschiedener Gattungen sowie M\u00fcnzen. Den Grundstock der Sammlung legte Ende der 70er Jahre des vorigen Jahrhunderts der Schriftsteller Heinrich Alexander Stoll. Dazu geh\u00f6rten ein r\u00f6mischer Sarkophag und ein Sarkophagfragment mit Inschrift sowie griechische Vasen, aber auch Lampen und eine beachtliche Sammlung griechischer und r\u00f6mischer M\u00fcnzen. Die Stendaler Antikensammlung erhielt in der Folgezeit stetig durch weitere Schenkungen von Mitgliedern der Winckelmann-Gesellschaft Zuwachs, so z.B. durch die Sammlung Wieth\u00f6lter, der wir das sch\u00f6ne Menander-Portr\u00e4t verdanken. Erg\u00e4nzt wurde sie auch durch den vereinzelten Ankauf von Vasen, Terrakotten und Bronzen. Schlie\u00dflich erg\u00e4nzt die Antikensammlung noch eine kleine Gipsabgu\u00dfsammlung, die einen sch\u00f6nen Querschnitt durch die griechische und r\u00f6mische Kunstgeschichte darzustellen erlaubt.<\/p>\n","protected":false},"excerpt":{"rendered":"<p>Hrsg. von Max Kunze, bearbeitet:<br \/>\nStephanie-Gerrit Bruer<br \/>\nVerlag Franz Philipp Rutzen<br \/>\nRuhpolding und Mainz 2006<br \/>\n112 Seiten mit 242 Farb- und<br \/>\n89 Schwarzwei\u00dfabbildungen.<br \/>\nISBN 3-938646-15-8<br \/>\n18 Euro (f\u00fcr Mitglieder 12,00 Euro)<\/p>\n","protected":false},"featured_media":172,"comment_status":"open","ping_status":"closed","template":"","meta":[],"_links":{"self":[{"href":"https:\/\/shop.winckelmann-gesellschaft.com\/mitglieder\/wp-json\/wp\/v2\/product\/171"}],"collection":[{"href":"https:\/\/shop.winckelmann-gesellschaft.com\/mitglieder\/wp-json\/wp\/v2\/product"}],"about":[{"href":"https:\/\/shop.winckelmann-gesellschaft.com\/mitglieder\/wp-json\/wp\/v2\/types\/product"}],"replies":[{"embeddable":true,"href":"https:\/\/shop.winckelmann-gesellschaft.com\/mitglieder\/wp-json\/wp\/v2\/comments?post=171"}],"wp:featuredmedia":[{"embeddable":true,"href":"https:\/\/shop.winckelmann-gesellschaft.com\/mitglieder\/wp-json\/wp\/v2\/media\/172"}],"wp:attachment":[{"href":"https:\/\/shop.winckelmann-gesellschaft.com\/mitglieder\/wp-json\/wp\/v2\/media?parent=171"}],"curies":[{"name":"wp","href":"https:\/\/api.w.org\/{rel}","templated":true}]}}