{"id":169,"date":"2014-01-01T00:44:22","date_gmt":"2013-12-31T23:44:22","guid":{"rendered":"http:\/\/shop.winckelmann-gesellschaft.com\/mitglieder\/produkt\/winckelmann-museum-ein-gang-durch-die-ausstellung\/"},"modified":"2014-07-05T21:36:38","modified_gmt":"2014-07-05T20:36:38","slug":"winckelmann-museum-ein-gang-durch-die-ausstellung","status":"publish","type":"product","link":"https:\/\/shop.winckelmann-gesellschaft.com\/mitglieder\/produkt\/winckelmann-museum-ein-gang-durch-die-ausstellung\/","title":{"rendered":"WINCKELMANN-MUSEUM. Ein Gang durch die Ausstellung."},"content":{"rendered":"<p>1955 wurde in Stendal im Geburtshaus Johann Joachim Winckelmanns (1717\u20131768) ein Museum eingerichtet. In der st\u00e4ndigen Ausstellung kann man den biographischen Werdegang des Arch\u00e4ologen, der auch Johann Wolfgang Goethe faszinierte, und sein Wirken nachvollziehen. Der neue F\u00fchrer durch die Winckelmann-Ausstellung, die vor einigen Jahren konzeptionell \u00fcberarbeitet und farblich neugestaltet wurde, gibt erstmals eine Kurzdarstellung sowohl der einzelnen Lebensabschnitte Winckelmanns als auch seiner wissenschaftlichen Forschungen anhand ausgew\u00e4hlter Exponate.<br \/>\nDie Ausstellung gliedert sich in zwei Teile. Der erste Teil, der die R\u00e4ume eins bis vier umfa\u00dft, ist der Biographie Winckelmanns gewidmet und der zweite Teil mit den R\u00e4umen f\u00fcnf bis sieben besch\u00e4ftigt sich mit den arch\u00e4ologischen Forschungen Winckelmanns und seinem wissenschaftlichen Werk. Neben handschriftlichen Zeugnissen, Portr\u00e4tgraphik, plastischen Bildnissen und Gem\u00e4lden<br \/>\nWinckelmanns und seiner Zeitgenossen werden die Erstauflagen und fr\u00fchen Drucke seiner Werke gezeigt. Antiken aus der Stendaler Sammlung, Gipsabg\u00fcsse ber\u00fchmter von Winckelmann beschriebener<br \/>\nSkulpturen wie z. B. der Laokoongruppe oder des Torso vom Belvedere, Gemmenabdr\u00fccke sowie aquarellierte Kopien pompejanischer Wandmalereien veranschaulichen seinen Forschungsgegenstand.<\/p>\n","protected":false},"excerpt":{"rendered":"<p>Bearbeitet: Stephanie-Gerrit Bruer.<br \/>\nVerlag Franz Philipp Rutzen<br \/>\nRuhpolding und Mainz 2007<br \/>\n108 Seiten mit zahlreichen Farb- und<br \/>\nSchwarzwei\u00dfabbildungen.<br \/>\nISBN 3-938646-18-7<br \/>\n20 Euro (f\u00fcr Mitglieder: 10,00 Euro)<\/p>\n","protected":false},"featured_media":170,"comment_status":"open","ping_status":"closed","template":"","meta":[],"_links":{"self":[{"href":"https:\/\/shop.winckelmann-gesellschaft.com\/mitglieder\/wp-json\/wp\/v2\/product\/169"}],"collection":[{"href":"https:\/\/shop.winckelmann-gesellschaft.com\/mitglieder\/wp-json\/wp\/v2\/product"}],"about":[{"href":"https:\/\/shop.winckelmann-gesellschaft.com\/mitglieder\/wp-json\/wp\/v2\/types\/product"}],"replies":[{"embeddable":true,"href":"https:\/\/shop.winckelmann-gesellschaft.com\/mitglieder\/wp-json\/wp\/v2\/comments?post=169"}],"wp:featuredmedia":[{"embeddable":true,"href":"https:\/\/shop.winckelmann-gesellschaft.com\/mitglieder\/wp-json\/wp\/v2\/media\/170"}],"wp:attachment":[{"href":"https:\/\/shop.winckelmann-gesellschaft.com\/mitglieder\/wp-json\/wp\/v2\/media?parent=169"}],"curies":[{"name":"wp","href":"https:\/\/api.w.org\/{rel}","templated":true}]}}