{"id":163,"date":"2014-01-01T00:51:38","date_gmt":"2013-12-31T23:51:38","guid":{"rendered":"http:\/\/shop.winckelmann-gesellschaft.com\/mitglieder\/produkt\/reiner-koppe-griechenland-18911892-und-1910-in-messbildern\/"},"modified":"2014-07-05T21:32:43","modified_gmt":"2014-07-05T20:32:43","slug":"reiner-koppe-griechenland-18911892-und-1910-in-messbildern","status":"publish","type":"product","link":"https:\/\/shop.winckelmann-gesellschaft.com\/mitglieder\/produkt\/reiner-koppe-griechenland-18911892-und-1910-in-messbildern\/","title":{"rendered":"Reiner Koppe: GRIECHENLAND 1891\/1892 und 1910 in Messbildern."},"content":{"rendered":"<p>Seit 1879 fanden in regelm\u00e4\u00dfiger Folge Internationale Kunstausstellungen in verschiedenen europ\u00e4ischen Gro\u00dfst\u00e4dten statt. Auf der X. Internationalen Kunstausstellung 1911 in Rom beabsichtigte die griechische Regierung in einer eigenen Abteilung die antike und mittelalterliche griechische Kultur zu pr\u00e4sentieren. Es wurde eine Ausstellung konzipiert, die Gipsabg\u00fcsse altgriechischer Skulpturen mit Fotografien der Bauwerke und Landschaften, f\u00fcr welche die Skulpturen geschaffen worden waren, verbinden sollte. Da die K\u00f6niglich Preu\u00dfische Me\u00dfbildanstalt in Berlin in den Jahren 1891\u20131893 eine umfassende photogrammetrische Dokumentation der Akropolis durchgef\u00fchrt hatte, fragte die griechische Regierung bei der preu\u00dfischen an, ob die Me\u00dfbildanstalt auch die f\u00fcr die Ausstellung ben\u00f6tigten Aufnahmen anfertigen k\u00f6nne. Beide Regierungen einigten sich auf ein griechischdeutsches Gemeinschaftsunternehmen. Daraufhin reiste der Direktor der Me\u00dfbildanstalt, Theodor von L\u00fcpke mit mehreren Mitarbeitern und einer gewaltigen Photoausr\u00fcstung 1910 zu Bahn, Schiff, Pferd, Fu\u00df und Wagen durch Griechenland. Rund 170 Einzelbauwerke, Ensembles und Landschaftsbilder wurden an 35 Orten aufgenommen. Dabei entstanden 573 \u201ebrauchbare\u201c, genaue und zugleich beeindruckend sch\u00f6ne Aufnahmen. Die 40 x 40 cm gro\u00dfen Negativglasplatten sind zum gr\u00f6\u00dften Teil noch erhalten. Eine Auswahl der wichtigsten Fotos enth\u00e4lt der vorliegende Ausstellungskatalog.<\/p>\n","protected":false},"excerpt":{"rendered":"<p>Hrsg. im Auftrag der<br \/>\nWinckelmann-Gesellschaft von<br \/>\nMax Kunze Stendal,<br \/>\nVerlag Franz Philipp Rutzen<br \/>\nRuhpolding und Mainz 2008<br \/>\n144 Seiten mit 122 Abbildungen.<br \/>\nISBN 978-3-938646-34-2<br \/>\n25,00 Euro (Mitglieder 12,50 Euro)<\/p>\n","protected":false},"featured_media":164,"comment_status":"open","ping_status":"closed","template":"","meta":[],"_links":{"self":[{"href":"https:\/\/shop.winckelmann-gesellschaft.com\/mitglieder\/wp-json\/wp\/v2\/product\/163"}],"collection":[{"href":"https:\/\/shop.winckelmann-gesellschaft.com\/mitglieder\/wp-json\/wp\/v2\/product"}],"about":[{"href":"https:\/\/shop.winckelmann-gesellschaft.com\/mitglieder\/wp-json\/wp\/v2\/types\/product"}],"replies":[{"embeddable":true,"href":"https:\/\/shop.winckelmann-gesellschaft.com\/mitglieder\/wp-json\/wp\/v2\/comments?post=163"}],"wp:featuredmedia":[{"embeddable":true,"href":"https:\/\/shop.winckelmann-gesellschaft.com\/mitglieder\/wp-json\/wp\/v2\/media\/164"}],"wp:attachment":[{"href":"https:\/\/shop.winckelmann-gesellschaft.com\/mitglieder\/wp-json\/wp\/v2\/media?parent=163"}],"curies":[{"name":"wp","href":"https:\/\/api.w.org\/{rel}","templated":true}]}}