{"id":161,"date":"2014-01-01T00:50:57","date_gmt":"2013-12-31T23:50:57","guid":{"rendered":"http:\/\/shop.winckelmann-gesellschaft.com\/mitglieder\/produkt\/michael-wenzel-frauenbilder-antike-bildwelten-und-weibliche-lebenswelten-im-18-jh\/"},"modified":"2017-04-19T10:26:57","modified_gmt":"2017-04-19T09:26:57","slug":"michael-wenzel-frauenbilder-antike-bildwelten-und-weibliche-lebenswelten-im-18-jh","status":"publish","type":"product","link":"https:\/\/shop.winckelmann-gesellschaft.com\/mitglieder\/produkt\/michael-wenzel-frauenbilder-antike-bildwelten-und-weibliche-lebenswelten-im-18-jh\/","title":{"rendered":"Michael Wenzel: Frauenbilder. Antike Bildwelten und weibliche Lebenswelten im 18. Jh."},"content":{"rendered":"<p>Wie hat die einflutende antike Bildwelt auf Leben und Verhalten von Frauen im ausgehenden 18. Jahrhundert Einflu\u00df genommen? Die Ausstellung widmet sich dieser Frage und macht anhand von etwa 40<br \/>\nausgestellten Werken die Bedeutung der aus der Antike entlehnten Bildwelt f\u00fcr die gesellschaftliche und sittliche Stellung von Frauen im 18. Jahrhundert verst\u00e4ndlich. Vorgestellt werden Themen wie Mode und K\u00f6rperbewu\u00dftsein, Mythologie und Portr\u00e4t, Historie und soziale Realit\u00e4t. Vermittelt werden diese durch Antiken, arch\u00e4ologische Stichwerke sowie Gem\u00e4lde und Druckgraphik zeitgen\u00f6ssischer K\u00fcnstler wie Angelika Kauffmann, Joshua Reynolds und Johann Friedrich August Tischbein.<\/p>\n","protected":false},"excerpt":{"rendered":"<p>Hrsg. im Auftrag der<br \/>\nWinckelmann-Gesellschaft von<br \/>\nMax Kunze Stendal,<br \/>\nVerlag Franz Philipp Rutzen<br \/>\nRuhpolding und Mainz 2008.<br \/>\n48 Seiten, 59 Farbabbildungen.<br \/>\nISBN 3-938646-32-8<br \/>\n13,00 Euro (Mitglieder 9,00 Euro)<\/p>\n","protected":false},"featured_media":162,"comment_status":"open","ping_status":"closed","template":"","meta":[],"_links":{"self":[{"href":"https:\/\/shop.winckelmann-gesellschaft.com\/mitglieder\/wp-json\/wp\/v2\/product\/161"}],"collection":[{"href":"https:\/\/shop.winckelmann-gesellschaft.com\/mitglieder\/wp-json\/wp\/v2\/product"}],"about":[{"href":"https:\/\/shop.winckelmann-gesellschaft.com\/mitglieder\/wp-json\/wp\/v2\/types\/product"}],"replies":[{"embeddable":true,"href":"https:\/\/shop.winckelmann-gesellschaft.com\/mitglieder\/wp-json\/wp\/v2\/comments?post=161"}],"wp:featuredmedia":[{"embeddable":true,"href":"https:\/\/shop.winckelmann-gesellschaft.com\/mitglieder\/wp-json\/wp\/v2\/media\/162"}],"wp:attachment":[{"href":"https:\/\/shop.winckelmann-gesellschaft.com\/mitglieder\/wp-json\/wp\/v2\/media?parent=161"}],"curies":[{"name":"wp","href":"https:\/\/api.w.org\/{rel}","templated":true}]}}