{"id":16,"date":"2014-05-02T00:54:14","date_gmt":"2014-05-01T23:54:14","guid":{"rendered":"http:\/\/shop.winckelmann-gesellschaft.com\/mitglieder\/produkt\/helge-c-knueppel-daktyliotheken-konzepte-einer-historischen-publikationsform\/"},"modified":"2014-07-04T20:41:39","modified_gmt":"2014-07-04T19:41:39","slug":"helge-c-knueppel-daktyliotheken-konzepte-einer-historischen-publikationsform","status":"publish","type":"product","link":"https:\/\/shop.winckelmann-gesellschaft.com\/mitglieder\/produkt\/helge-c-knueppel-daktyliotheken-konzepte-einer-historischen-publikationsform\/","title":{"rendered":"Helge C. Kn\u00fcppel: Daktyliotheken. Konzepte einer historischen Publikationsform."},"content":{"rendered":"<p>1769 erh\u00e4lt die \u201eZeichnungs-, Mahlerey- und Architectur-Akademie\u201c in Leipzig Lipperts Daktyliothek. 1777 erw\u00e4hnt der d\u00e4nische Bildhauer Johannes Wiedewelt seine Daktyliothek. 1791 erscheint<br \/>\nder gedruckte zweib\u00e4ndige Katalog einer Daktyliothek, die von der Zarin Katharina II. in London in Auftrag gegeben wurde. 1805 bietet der N\u00fcrnberger Johann F. Roth eine Daktyliothek f\u00fcr Schulen an. 1825 erscheint das Verzeichnis zu einer Daktyliothek ausgew\u00e4hlter Kameen des \u201eCabinet des Medaill\u00e9s\u201c in Paris. 1846 erreicht der letzte Band einer Daktyliothek der Berliner Gemmensammlung die Universit\u00e4t G\u00f6ttingen. 1861 spottet ein schottischer Dichter \u00fcber die Vorliebe seiner Landsleute f\u00fcr italienische Daktyliotheken und 1868 erscheint in Rom der letzte Band einer Daktyliotheken-Serie des \u201eInstituto di Corrispondenza Archeologica\u201c. Diese wenigen Beispiele deuten die Vielfalt einer Publikationsform an, die in ihrer Art ein historisches Ph\u00e4nomen ist. Daktyliotheken \u2013 systematisch geordnete und kommentierte Gemmenabdrucksammlungen \u2013 waren mehr als hundert Jahre Bestandteil \u00e4sthetischer Bildung, wissenschaftlicher Er\u00f6rterungen, kunsthistorischer Exkurse, schulischem Unterrichts oder privatem Kunstgenusses. Der vorliegende Band stellt die wichtigsten Konzepte der Daktyliotheken vor und informiert so \u00fcber die beeindruckende Vielfalt einer heute weitgehend unbekannten Form anschaulicher Wissensvermittlung im 18. und 19. Jh..<\/p>\n","protected":false},"excerpt":{"rendered":"<p>Stendaler Winckelmann-Forschungen 8<br \/>\nVerlag Franz Philipp Rutzen<br \/>\nRuhpolding und Mainz 2009.<br \/>\nHrsg. von Max Kunze<br \/>\n196 S., 44 Schwarzwei\u00dfabb., 8 Farbtaf.<br \/>\nISBN 3-938646-40-3<br \/>\n39 \u20ac (f\u00fcr Mitglieder: 20,00 \u20ac)<\/p>\n","protected":false},"featured_media":17,"comment_status":"open","ping_status":"closed","template":"","meta":[],"_links":{"self":[{"href":"https:\/\/shop.winckelmann-gesellschaft.com\/mitglieder\/wp-json\/wp\/v2\/product\/16"}],"collection":[{"href":"https:\/\/shop.winckelmann-gesellschaft.com\/mitglieder\/wp-json\/wp\/v2\/product"}],"about":[{"href":"https:\/\/shop.winckelmann-gesellschaft.com\/mitglieder\/wp-json\/wp\/v2\/types\/product"}],"replies":[{"embeddable":true,"href":"https:\/\/shop.winckelmann-gesellschaft.com\/mitglieder\/wp-json\/wp\/v2\/comments?post=16"}],"wp:featuredmedia":[{"embeddable":true,"href":"https:\/\/shop.winckelmann-gesellschaft.com\/mitglieder\/wp-json\/wp\/v2\/media\/17"}],"wp:attachment":[{"href":"https:\/\/shop.winckelmann-gesellschaft.com\/mitglieder\/wp-json\/wp\/v2\/media?parent=16"}],"curies":[{"name":"wp","href":"https:\/\/api.w.org\/{rel}","templated":true}]}}