{"id":159,"date":"2014-01-01T00:49:32","date_gmt":"2013-12-31T23:49:32","guid":{"rendered":"http:\/\/shop.winckelmann-gesellschaft.com\/mitglieder\/produkt\/beate-schroedter-portraets-deutscher-kuenstler-in-rom-zur-zeit-der-romantik\/"},"modified":"2014-07-05T21:33:11","modified_gmt":"2014-07-05T20:33:11","slug":"beate-schroedter-portraets-deutscher-kuenstler-in-rom-zur-zeit-der-romantik","status":"publish","type":"product","link":"https:\/\/shop.winckelmann-gesellschaft.com\/mitglieder\/produkt\/beate-schroedter-portraets-deutscher-kuenstler-in-rom-zur-zeit-der-romantik\/","title":{"rendered":"Beate Schr\u00f6dter: Portr\u00e4ts deutscher K\u00fcnstler in Rom zur Zeit der Romantik."},"content":{"rendered":"<p>Im Zentrum des Katalogs steht die in der Bibliotheca Hertziana in Rom aufbewahrte und bisher in seiner Gesamtheit noch nicht publizierte \u201eSammlung von Bildnissen Deutscher K\u00fcnstler in Rom\u201c. Die<br \/>\nIdee zur Stiftung dieser Bildnissammlung im Jahr 1832 ging von der deutschen K\u00fcnstlerkolonie in Rom aus. Sie umfa\u00dft 140 Portr\u00e4ts von K\u00fcnstlern, die in der 1. H\u00e4lfte des 19. Jh. in Rom lebten, und \u00fcberliefet mit den Portr\u00e4tisten des Albums insgesamt 178 Namen deutschsprachiger und skandinavischer K\u00fcnstler. Diese Sammlung ist ein einzigartiges Dokument der r\u00f6mischen \u201eK\u00fcnstlerrepublik\u201c zur Zeit der Romantik. Die K\u00fcnstler, die zu Beginn des 19. Jh. mit hochgespannten Erwartungen nach Rom kamen, erlebten dort mehr denn je einen Freiraum, der ihnen den Bruch mit bisherigen Konventionen und das Erproben neuer unkonventioneller Gesellschaftsformen erm\u00f6glichte. Aus gemeinsamen Interessen oder aus materieller Not entwickelte sich eine neuartige Wohn- und Arbeitsgemeinschaft, die den Boden bereiteten zu einem neu empfundenen und gelebten K\u00fcnstlerdasein. Dies fand seinen Niederschlag in der Festkultur der K\u00fcnstlerkolonie, die in der Regie der \u201ePonte-Molle-Gesellschaft\u201c lag. In diesem Kreis wurde nicht nur ein neuer Festkalender geschaffen mit den allj\u00e4hrlichen karnevalesken Fr\u00fchlingsausfl\u00fcgen zu den Cervarogrotten am Anioufer als gesellschaftlicher H\u00f6hepunkt der internationalen K\u00fcnstlerschaft in Rom, sondern auch die \u201eSammlung von Bildnissen deutscher K\u00fcnstler in Rom\u201c initiiert.<\/p>\n","protected":false},"excerpt":{"rendered":"<p>Hrsg. im Auftrag der<br \/>\nWinckelmann-Gesellschaft von<br \/>\nMax Kunze Stendal,<br \/>\nVerlag Franz Philipp Rutzen<br \/>\nRuhpolding und Mainz 2008.<br \/>\n256 Seiten, 219 Farbabbildungen.<br \/>\nISBN 3-938646-29-8<br \/>\n42,00 Euro (Mitglieder 24,50 Euro)<\/p>\n","protected":false},"featured_media":160,"comment_status":"open","ping_status":"closed","template":"","meta":[],"_links":{"self":[{"href":"https:\/\/shop.winckelmann-gesellschaft.com\/mitglieder\/wp-json\/wp\/v2\/product\/159"}],"collection":[{"href":"https:\/\/shop.winckelmann-gesellschaft.com\/mitglieder\/wp-json\/wp\/v2\/product"}],"about":[{"href":"https:\/\/shop.winckelmann-gesellschaft.com\/mitglieder\/wp-json\/wp\/v2\/types\/product"}],"replies":[{"embeddable":true,"href":"https:\/\/shop.winckelmann-gesellschaft.com\/mitglieder\/wp-json\/wp\/v2\/comments?post=159"}],"wp:featuredmedia":[{"embeddable":true,"href":"https:\/\/shop.winckelmann-gesellschaft.com\/mitglieder\/wp-json\/wp\/v2\/media\/160"}],"wp:attachment":[{"href":"https:\/\/shop.winckelmann-gesellschaft.com\/mitglieder\/wp-json\/wp\/v2\/media?parent=159"}],"curies":[{"name":"wp","href":"https:\/\/api.w.org\/{rel}","templated":true}]}}