{"id":157,"date":"2014-01-01T00:48:37","date_gmt":"2013-12-31T23:48:37","guid":{"rendered":"http:\/\/shop.winckelmann-gesellschaft.com\/mitglieder\/produkt\/agnes-kunze-eva-hofstetter-juergen-dummer-u-a-buch-geschichten-500-jahre-drucker-verleger-und-bibliotheken-in-stendal\/"},"modified":"2014-07-05T21:33:23","modified_gmt":"2014-07-05T20:33:23","slug":"agnes-kunze-eva-hofstetter-juergen-dummer-u-a-buch-geschichten-500-jahre-drucker-verleger-und-bibliotheken-in-stendal","status":"publish","type":"product","link":"https:\/\/shop.winckelmann-gesellschaft.com\/mitglieder\/produkt\/agnes-kunze-eva-hofstetter-juergen-dummer-u-a-buch-geschichten-500-jahre-drucker-verleger-und-bibliotheken-in-stendal\/","title":{"rendered":"Agnes Kunze, Eva Hofstetter, J\u00fcrgen Dummer u.a.: Buch-Geschichten. 500 Jahre Drucker, Verleger und Bibliotheken in Stendal."},"content":{"rendered":"<p>Diese weite Verbreitung des Buches und des Lesens verdanken wir der europ\u00e4ischen Aufkl\u00e4rung. Auch an Stendal ging diese geistesgeschichtliche Entwicklung nicht vorbei. Im 18. Jh. entstand aus einer bescheidenen Druckerei Franzen eine florierende Druck- und Verlagsanstalt mit Buchhandlung, die unter dem Namen \u201eFranzen und Grosse\u201c eine regionale, ja hin und wieder auch \u00fcberregionale<br \/>\nWirkung erzielt hatte. Seit den 80er Jahren des 18. Jh. versuchte der neu begr\u00fcndete Verlag ein breites thematisches Programm durchzusetzen und \u00fcbernahm das \u201eAltm\u00e4rkische Intelligenz- und Lese-Blatt\u201c, das knapp 100 Jahre erschien. Schulprogramme und -schriften, p\u00e4dagogische Schriften und Literatur, besonders das klassische Altertum betreffend, standen im Verlag ganz oben an. Zudem wurde eine eigene Leihbibliothek und ein Antiquariat er\u00f6ffnet und Lesegesellschaften gef\u00f6rdert. Der Katalog behandelt auch die Buchgeschichte vom 15. Jh. bis in die 1. H\u00e4lfte des 20. Jh. Seit 1487 druckte hier Joachim Westfal. Sein bedeutsamster Druck, der sog. Sachsenspiegel (1488), wurde f\u00fcr Stendal ein verbindliches Rechtshandbuch. Drucker und Buchbinder sind seit der Mitte des 17. Jh. wieder anzutreffen. Das 16. Jh. brachte in Stendal auch bedeutende B\u00fcchersammlungen hervor, wie die Dombibliothek St. Nicolai und die Bibliothek der Sch\u00f6nbeckschen Fundation. Von einer alten Bibliothek ist heute nur noch der Name existent: der Bibliothek des Stendaler Gymnasiums.<\/p>\n","protected":false},"excerpt":{"rendered":"<p>Hrsg. im Auftrag der<br \/>\nWinckelmann-Gesellschaft von<br \/>\nMax Kunze Stendal,<br \/>\nVerlag Franz Philipp Rutzen<br \/>\nRuhpolding und Mainz 2007.<br \/>\n148 Seiten, 59 Abbildungen.<br \/>\nISBN 3-938646-28-1<br \/>\n29,00 Euro (Mitglieder 14,50 Euro)<\/p>\n","protected":false},"featured_media":158,"comment_status":"open","ping_status":"closed","template":"","meta":[],"_links":{"self":[{"href":"https:\/\/shop.winckelmann-gesellschaft.com\/mitglieder\/wp-json\/wp\/v2\/product\/157"}],"collection":[{"href":"https:\/\/shop.winckelmann-gesellschaft.com\/mitglieder\/wp-json\/wp\/v2\/product"}],"about":[{"href":"https:\/\/shop.winckelmann-gesellschaft.com\/mitglieder\/wp-json\/wp\/v2\/types\/product"}],"replies":[{"embeddable":true,"href":"https:\/\/shop.winckelmann-gesellschaft.com\/mitglieder\/wp-json\/wp\/v2\/comments?post=157"}],"wp:featuredmedia":[{"embeddable":true,"href":"https:\/\/shop.winckelmann-gesellschaft.com\/mitglieder\/wp-json\/wp\/v2\/media\/158"}],"wp:attachment":[{"href":"https:\/\/shop.winckelmann-gesellschaft.com\/mitglieder\/wp-json\/wp\/v2\/media?parent=157"}],"curies":[{"name":"wp","href":"https:\/\/api.w.org\/{rel}","templated":true}]}}